{"id":15854,"date":"2022-06-24T12:25:13","date_gmt":"2022-06-24T10:25:13","guid":{"rendered":"http:\/\/www.hapy-com.fr\/echoppe\/product\/set-bancax\/"},"modified":"2022-06-24T12:25:13","modified_gmt":"2022-06-24T10:25:13","slug":"set-bancax","status":"publish","type":"product","link":"https:\/\/www.hapy-com.fr\/echoppe\/product\/set-bancax\/","title":{"rendered":"Set Bancax"},"content":{"rendered":"<p>Ensemble de 3 figurines de No\u00ebl en bois \u00e0 colorier et \u00e0 suspendre. Comprend le No\u00ebl, le bonhomme de neige et le renne. Avec 3 marqueurs et pr\u00e9sent\u00e9s dans un sac individuel avec un motif de No\u00ebl.<\/p>\n","protected":false},"excerpt":{"rendered":"<p>Ensemble de 3 figurines de No\u00ebl en bois \u00e0 colorier et \u00e0 suspendre. Comprend le No\u00ebl, le bonhomme de neige et le renne. Avec 3 marqueurs et pr\u00e9sent\u00e9s dans un&#8230;<\/p>\n","protected":false},"featured_media":15853,"template":"","meta":[],"product_cat":[354],"product_tag":[],"class_list":{"0":"post-15854","1":"product","2":"type-product","3":"status-publish","4":"has-post-thumbnail","6":"product_cat-noel","8":"first","9":"instock","10":"shipping-taxable","11":"purchasable","12":"product-type-simple"},"_links":{"self":[{"href":"https:\/\/www.hapy-com.fr\/echoppe\/wp-json\/wp\/v2\/product\/15854","targetHints":{"allow":["GET"]}}],"collection":[{"href":"https:\/\/www.hapy-com.fr\/echoppe\/wp-json\/wp\/v2\/product"}],"about":[{"href":"https:\/\/www.hapy-com.fr\/echoppe\/wp-json\/wp\/v2\/types\/product"}],"wp:featuredmedia":[{"embeddable":true,"href":"https:\/\/www.hapy-com.fr\/echoppe\/wp-json\/wp\/v2\/media\/15853"}],"wp:attachment":[{"href":"https:\/\/www.hapy-com.fr\/echoppe\/wp-json\/wp\/v2\/media?parent=15854"}],"wp:term":[{"taxonomy":"product_cat","embeddable":true,"href":"https:\/\/www.hapy-com.fr\/echoppe\/wp-json\/wp\/v2\/product_cat?post=15854"},{"taxonomy":"product_tag","embeddable":true,"href":"https:\/\/www.hapy-com.fr\/echoppe\/wp-json\/wp\/v2\/product_tag?post=15854"}],"curies":[{"name":"wp","href":"https:\/\/api.w.org\/{rel}","templated":true}]}}