{"id":15856,"date":"2022-06-24T12:25:15","date_gmt":"2022-06-24T10:25:15","guid":{"rendered":"http:\/\/www.hapy-com.fr\/echoppe\/product\/bonnet-papa-noel-cestilox\/"},"modified":"2022-06-24T12:25:15","modified_gmt":"2022-06-24T10:25:15","slug":"bonnet-papa-noel-cestilox","status":"publish","type":"product","link":"https:\/\/www.hapy-com.fr\/echoppe\/product\/bonnet-papa-noel-cestilox\/","title":{"rendered":"Bonnet Papa No\u00ebl Cestilox"},"content":{"rendered":"<p>Bonnet de No\u00ebl en polyester de haute qualit\u00e9 et couleur blanc. Avec pompon lisse et ruban.<\/p>\n","protected":false},"excerpt":{"rendered":"<p>Bonnet de No\u00ebl en polyester de haute qualit\u00e9 et couleur blanc. Avec pompon lisse et ruban.<\/p>\n","protected":false},"featured_media":15855,"template":"","meta":[],"product_cat":[354],"product_tag":[],"class_list":{"0":"post-15856","1":"product","2":"type-product","3":"status-publish","4":"has-post-thumbnail","6":"product_cat-noel","8":"first","9":"instock","10":"shipping-taxable","11":"purchasable","12":"product-type-simple"},"_links":{"self":[{"href":"https:\/\/www.hapy-com.fr\/echoppe\/wp-json\/wp\/v2\/product\/15856","targetHints":{"allow":["GET"]}}],"collection":[{"href":"https:\/\/www.hapy-com.fr\/echoppe\/wp-json\/wp\/v2\/product"}],"about":[{"href":"https:\/\/www.hapy-com.fr\/echoppe\/wp-json\/wp\/v2\/types\/product"}],"wp:featuredmedia":[{"embeddable":true,"href":"https:\/\/www.hapy-com.fr\/echoppe\/wp-json\/wp\/v2\/media\/15855"}],"wp:attachment":[{"href":"https:\/\/www.hapy-com.fr\/echoppe\/wp-json\/wp\/v2\/media?parent=15856"}],"wp:term":[{"taxonomy":"product_cat","embeddable":true,"href":"https:\/\/www.hapy-com.fr\/echoppe\/wp-json\/wp\/v2\/product_cat?post=15856"},{"taxonomy":"product_tag","embeddable":true,"href":"https:\/\/www.hapy-com.fr\/echoppe\/wp-json\/wp\/v2\/product_tag?post=15856"}],"curies":[{"name":"wp","href":"https:\/\/api.w.org\/{rel}","templated":true}]}}