{"id":15862,"date":"2022-06-24T12:25:19","date_gmt":"2022-06-24T10:25:19","guid":{"rendered":"http:\/\/www.hapy-com.fr\/echoppe\/product\/sac-a-dos-kertran\/"},"modified":"2022-06-24T12:25:19","modified_gmt":"2022-06-24T10:25:19","slug":"sac-a-dos-kertran","status":"publish","type":"product","link":"https:\/\/www.hapy-com.fr\/echoppe\/product\/sac-a-dos-kertran\/","title":{"rendered":"Sac \u00e0 Dos Kertran"},"content":{"rendered":"<p>Sac \u00e0 dos \u00e0 cordelettes pour enfant sur le th\u00e8me de No\u00ebl. Intiss\u00e9 blanc adapt\u00e9 au coloriage avec crayons de cire. Inclut 4 crayons de cire de diff\u00e9rentes couleurs. Avec cordes de serrage et coins renforc\u00e9s assortis. Disponible avec les motifs Joyeux No\u00ebl et P\u00e8re No\u00ebl.<\/p>\n","protected":false},"excerpt":{"rendered":"<p>Sac \u00e0 dos \u00e0 cordelettes pour enfant sur le th\u00e8me de No\u00ebl. Intiss\u00e9 blanc adapt\u00e9 au coloriage avec crayons de cire. Inclut 4 crayons de cire de diff\u00e9rentes couleurs. Avec&#8230;<\/p>\n","protected":false},"featured_media":15861,"template":"","meta":[],"product_cat":[354],"product_tag":[],"class_list":{"0":"post-15862","1":"product","2":"type-product","3":"status-publish","4":"has-post-thumbnail","6":"product_cat-noel","8":"first","9":"instock","10":"shipping-taxable","11":"purchasable","12":"product-type-simple"},"_links":{"self":[{"href":"https:\/\/www.hapy-com.fr\/echoppe\/wp-json\/wp\/v2\/product\/15862","targetHints":{"allow":["GET"]}}],"collection":[{"href":"https:\/\/www.hapy-com.fr\/echoppe\/wp-json\/wp\/v2\/product"}],"about":[{"href":"https:\/\/www.hapy-com.fr\/echoppe\/wp-json\/wp\/v2\/types\/product"}],"wp:featuredmedia":[{"embeddable":true,"href":"https:\/\/www.hapy-com.fr\/echoppe\/wp-json\/wp\/v2\/media\/15861"}],"wp:attachment":[{"href":"https:\/\/www.hapy-com.fr\/echoppe\/wp-json\/wp\/v2\/media?parent=15862"}],"wp:term":[{"taxonomy":"product_cat","embeddable":true,"href":"https:\/\/www.hapy-com.fr\/echoppe\/wp-json\/wp\/v2\/product_cat?post=15862"},{"taxonomy":"product_tag","embeddable":true,"href":"https:\/\/www.hapy-com.fr\/echoppe\/wp-json\/wp\/v2\/product_tag?post=15862"}],"curies":[{"name":"wp","href":"https:\/\/api.w.org\/{rel}","templated":true}]}}