{"id":15864,"date":"2022-06-24T12:25:20","date_gmt":"2022-06-24T10:25:20","guid":{"rendered":"http:\/\/www.hapy-com.fr\/echoppe\/product\/ornement-noel-rupol\/"},"modified":"2022-06-24T12:25:20","modified_gmt":"2022-06-24T10:25:20","slug":"ornement-noel-rupol","status":"publish","type":"product","link":"https:\/\/www.hapy-com.fr\/echoppe\/product\/ornement-noel-rupol\/","title":{"rendered":"Ornement No\u00ebl Rupol"},"content":{"rendered":"<p>D\u00e9coration de No\u00ebl en bois naturel, avec n\u0153ud d\u00b4accroche et boule en bois. Authentique, les rondins ne sont pas identiques entre eux. Id\u00e9al pour un marquage au laser.<\/p>\n","protected":false},"excerpt":{"rendered":"<p>D\u00e9coration de No\u00ebl en bois naturel, avec n\u0153ud d\u00b4accroche et boule en bois. Authentique, les rondins ne sont pas identiques entre eux. Id\u00e9al pour un marquage au laser.<\/p>\n","protected":false},"featured_media":15863,"template":"","meta":[],"product_cat":[354],"product_tag":[],"class_list":{"0":"post-15864","1":"product","2":"type-product","3":"status-publish","4":"has-post-thumbnail","6":"product_cat-noel","8":"first","9":"instock","10":"shipping-taxable","11":"purchasable","12":"product-type-simple"},"_links":{"self":[{"href":"https:\/\/www.hapy-com.fr\/echoppe\/wp-json\/wp\/v2\/product\/15864","targetHints":{"allow":["GET"]}}],"collection":[{"href":"https:\/\/www.hapy-com.fr\/echoppe\/wp-json\/wp\/v2\/product"}],"about":[{"href":"https:\/\/www.hapy-com.fr\/echoppe\/wp-json\/wp\/v2\/types\/product"}],"wp:featuredmedia":[{"embeddable":true,"href":"https:\/\/www.hapy-com.fr\/echoppe\/wp-json\/wp\/v2\/media\/15863"}],"wp:attachment":[{"href":"https:\/\/www.hapy-com.fr\/echoppe\/wp-json\/wp\/v2\/media?parent=15864"}],"wp:term":[{"taxonomy":"product_cat","embeddable":true,"href":"https:\/\/www.hapy-com.fr\/echoppe\/wp-json\/wp\/v2\/product_cat?post=15864"},{"taxonomy":"product_tag","embeddable":true,"href":"https:\/\/www.hapy-com.fr\/echoppe\/wp-json\/wp\/v2\/product_tag?post=15864"}],"curies":[{"name":"wp","href":"https:\/\/api.w.org\/{rel}","templated":true}]}}