{"id":15868,"date":"2022-06-24T12:25:23","date_gmt":"2022-06-24T10:25:23","guid":{"rendered":"http:\/\/www.hapy-com.fr\/echoppe\/product\/ornement-noel-vondix\/"},"modified":"2022-06-24T12:25:23","modified_gmt":"2022-06-24T10:25:23","slug":"ornement-noel-vondix","status":"publish","type":"product","link":"https:\/\/www.hapy-com.fr\/echoppe\/product\/ornement-noel-vondix\/","title":{"rendered":"Ornement No\u00ebl Vondix"},"content":{"rendered":"<p>Suspension de No\u00ebl \u00e9co-friendly en ardoise, avec corde de suspension en jute. Disponible en forme de sapin de No\u00ebl ou \u00e9toile.<\/p>\n","protected":false},"excerpt":{"rendered":"<p>Suspension de No\u00ebl \u00e9co-friendly en ardoise, avec corde de suspension en jute. Disponible en forme de sapin de No\u00ebl ou \u00e9toile.<\/p>\n","protected":false},"featured_media":15867,"template":"","meta":[],"product_cat":[354],"product_tag":[],"class_list":{"0":"post-15868","1":"product","2":"type-product","3":"status-publish","4":"has-post-thumbnail","6":"product_cat-noel","8":"first","9":"instock","10":"shipping-taxable","11":"purchasable","12":"product-type-simple"},"_links":{"self":[{"href":"https:\/\/www.hapy-com.fr\/echoppe\/wp-json\/wp\/v2\/product\/15868","targetHints":{"allow":["GET"]}}],"collection":[{"href":"https:\/\/www.hapy-com.fr\/echoppe\/wp-json\/wp\/v2\/product"}],"about":[{"href":"https:\/\/www.hapy-com.fr\/echoppe\/wp-json\/wp\/v2\/types\/product"}],"wp:featuredmedia":[{"embeddable":true,"href":"https:\/\/www.hapy-com.fr\/echoppe\/wp-json\/wp\/v2\/media\/15867"}],"wp:attachment":[{"href":"https:\/\/www.hapy-com.fr\/echoppe\/wp-json\/wp\/v2\/media?parent=15868"}],"wp:term":[{"taxonomy":"product_cat","embeddable":true,"href":"https:\/\/www.hapy-com.fr\/echoppe\/wp-json\/wp\/v2\/product_cat?post=15868"},{"taxonomy":"product_tag","embeddable":true,"href":"https:\/\/www.hapy-com.fr\/echoppe\/wp-json\/wp\/v2\/product_tag?post=15868"}],"curies":[{"name":"wp","href":"https:\/\/api.w.org\/{rel}","templated":true}]}}