{"id":15871,"date":"2022-06-24T12:25:25","date_gmt":"2022-06-24T10:25:25","guid":{"rendered":"http:\/\/www.hapy-com.fr\/echoppe\/product\/arbre-de-noel-sokin\/"},"modified":"2022-06-24T12:25:25","modified_gmt":"2022-06-24T10:25:25","slug":"arbre-de-noel-sokin","status":"publish","type":"product","link":"https:\/\/www.hapy-com.fr\/echoppe\/product\/arbre-de-noel-sokin\/","title":{"rendered":"Arbre de No\u00ebl Sokin"},"content":{"rendered":"<p>Arbre de No\u00ebl en bois avec message d\u00e9coup\u00e9. Large zone d\u00b4impression, une base amovible et pr\u00e9sent\u00e9e dans une bo\u00eete individuelle.<\/p>\n","protected":false},"excerpt":{"rendered":"<p>Arbre de No\u00ebl en bois avec message d\u00e9coup\u00e9. Large zone d\u00b4impression, une base amovible et pr\u00e9sent\u00e9e dans une bo\u00eete individuelle.<\/p>\n","protected":false},"featured_media":15869,"template":"","meta":[],"product_cat":[354],"product_tag":[],"class_list":{"0":"post-15871","1":"product","2":"type-product","3":"status-publish","4":"has-post-thumbnail","6":"product_cat-noel","8":"first","9":"instock","10":"shipping-taxable","11":"purchasable","12":"product-type-simple"},"_links":{"self":[{"href":"https:\/\/www.hapy-com.fr\/echoppe\/wp-json\/wp\/v2\/product\/15871","targetHints":{"allow":["GET"]}}],"collection":[{"href":"https:\/\/www.hapy-com.fr\/echoppe\/wp-json\/wp\/v2\/product"}],"about":[{"href":"https:\/\/www.hapy-com.fr\/echoppe\/wp-json\/wp\/v2\/types\/product"}],"wp:featuredmedia":[{"embeddable":true,"href":"https:\/\/www.hapy-com.fr\/echoppe\/wp-json\/wp\/v2\/media\/15869"}],"wp:attachment":[{"href":"https:\/\/www.hapy-com.fr\/echoppe\/wp-json\/wp\/v2\/media?parent=15871"}],"wp:term":[{"taxonomy":"product_cat","embeddable":true,"href":"https:\/\/www.hapy-com.fr\/echoppe\/wp-json\/wp\/v2\/product_cat?post=15871"},{"taxonomy":"product_tag","embeddable":true,"href":"https:\/\/www.hapy-com.fr\/echoppe\/wp-json\/wp\/v2\/product_tag?post=15871"}],"curies":[{"name":"wp","href":"https:\/\/api.w.org\/{rel}","templated":true}]}}