{"id":15886,"date":"2022-06-24T12:25:37","date_gmt":"2022-06-24T10:25:37","guid":{"rendered":"http:\/\/www.hapy-com.fr\/echoppe\/product\/bonnet-papa-noel-shiny\/"},"modified":"2022-06-24T12:25:37","modified_gmt":"2022-06-24T10:25:37","slug":"bonnet-papa-noel-shiny","status":"publish","type":"product","link":"https:\/\/www.hapy-com.fr\/echoppe\/product\/bonnet-papa-noel-shiny\/","title":{"rendered":"Bonnet Papa No\u00ebl Shiny"},"content":{"rendered":"<p>Amusant bonnet de Noel en polyester lisse avec accessoires en couleurs m\u00e9tallis\u00e9es or et argent.<\/p>\n","protected":false},"excerpt":{"rendered":"<p>Amusant bonnet de Noel en polyester lisse avec accessoires en couleurs m\u00e9tallis\u00e9es or et argent.<\/p>\n","protected":false},"featured_media":15884,"template":"","meta":[],"product_cat":[354],"product_tag":[],"class_list":{"0":"post-15886","1":"product","2":"type-product","3":"status-publish","4":"has-post-thumbnail","6":"product_cat-noel","8":"first","9":"instock","10":"shipping-taxable","11":"purchasable","12":"product-type-simple"},"_links":{"self":[{"href":"https:\/\/www.hapy-com.fr\/echoppe\/wp-json\/wp\/v2\/product\/15886","targetHints":{"allow":["GET"]}}],"collection":[{"href":"https:\/\/www.hapy-com.fr\/echoppe\/wp-json\/wp\/v2\/product"}],"about":[{"href":"https:\/\/www.hapy-com.fr\/echoppe\/wp-json\/wp\/v2\/types\/product"}],"wp:featuredmedia":[{"embeddable":true,"href":"https:\/\/www.hapy-com.fr\/echoppe\/wp-json\/wp\/v2\/media\/15884"}],"wp:attachment":[{"href":"https:\/\/www.hapy-com.fr\/echoppe\/wp-json\/wp\/v2\/media?parent=15886"}],"wp:term":[{"taxonomy":"product_cat","embeddable":true,"href":"https:\/\/www.hapy-com.fr\/echoppe\/wp-json\/wp\/v2\/product_cat?post=15886"},{"taxonomy":"product_tag","embeddable":true,"href":"https:\/\/www.hapy-com.fr\/echoppe\/wp-json\/wp\/v2\/product_tag?post=15886"}],"curies":[{"name":"wp","href":"https:\/\/api.w.org\/{rel}","templated":true}]}}