{"id":15906,"date":"2022-06-24T12:28:56","date_gmt":"2022-06-24T10:28:56","guid":{"rendered":"http:\/\/www.hapy-com.fr\/echoppe\/?post_type=product&#038;p=15906"},"modified":"2022-06-24T12:29:43","modified_gmt":"2022-06-24T10:29:43","slug":"carafe-garix","status":"publish","type":"product","link":"https:\/\/www.hapy-com.fr\/echoppe\/product\/carafe-garix\/","title":{"rendered":"Carafe Garix"},"content":{"rendered":"<p>Carafe en PP d une capacit\u00e9 de 1L, disponible dans diff\u00e9rents coloris. Anse permettant une prise en main agr\u00e9able.<\/p>\n","protected":false},"excerpt":{"rendered":"<p>Carafe en PP d une capacit\u00e9 de 1L, disponible dans diff\u00e9rents coloris. Anse permettant une prise en main agr\u00e9able.<\/p>\n","protected":false},"featured_media":15953,"template":"","meta":[],"product_cat":[355],"product_tag":[],"class_list":{"0":"post-15906","1":"product","2":"type-product","3":"status-publish","4":"has-post-thumbnail","6":"product_cat-interieur-deco-2","8":"first","9":"instock","10":"shipping-taxable","11":"purchasable","12":"product-type-simple"},"_links":{"self":[{"href":"https:\/\/www.hapy-com.fr\/echoppe\/wp-json\/wp\/v2\/product\/15906","targetHints":{"allow":["GET"]}}],"collection":[{"href":"https:\/\/www.hapy-com.fr\/echoppe\/wp-json\/wp\/v2\/product"}],"about":[{"href":"https:\/\/www.hapy-com.fr\/echoppe\/wp-json\/wp\/v2\/types\/product"}],"wp:featuredmedia":[{"embeddable":true,"href":"https:\/\/www.hapy-com.fr\/echoppe\/wp-json\/wp\/v2\/media\/15953"}],"wp:attachment":[{"href":"https:\/\/www.hapy-com.fr\/echoppe\/wp-json\/wp\/v2\/media?parent=15906"}],"wp:term":[{"taxonomy":"product_cat","embeddable":true,"href":"https:\/\/www.hapy-com.fr\/echoppe\/wp-json\/wp\/v2\/product_cat?post=15906"},{"taxonomy":"product_tag","embeddable":true,"href":"https:\/\/www.hapy-com.fr\/echoppe\/wp-json\/wp\/v2\/product_tag?post=15906"}],"curies":[{"name":"wp","href":"https:\/\/api.w.org\/{rel}","templated":true}]}}