{"id":15908,"date":"2022-06-24T12:28:56","date_gmt":"2022-06-24T10:28:56","guid":{"rendered":"http:\/\/www.hapy-com.fr\/echoppe\/?post_type=product&#038;p=15908"},"modified":"2022-06-24T12:29:49","modified_gmt":"2022-06-24T10:29:49","slug":"tapis-desinfectant-yoner","status":"publish","type":"product","link":"https:\/\/www.hapy-com.fr\/echoppe\/product\/tapis-desinfectant-yoner\/","title":{"rendered":"Tapis D\u00e9sinfectant Yoner"},"content":{"rendered":"<p>Tapis d\u00e9sinfectant avec deux compartiment. Base en caoutchouc antid\u00e9rapant r\u00e9sistante et durable, provenant de mat\u00e9riaux recycl\u00e9s. Avec deux zones ind\u00e9pendantes et sp\u00e9cifiques identifi\u00e9es pour la d\u00e9sinfection et le s\u00e9chage: Zone de d\u00e9sinfection pour verser le liquide d\u00e9sinfectant (non inclus) fabriqu\u00e9e en \u00e9ponge absorbante, avec un r\u00e9servoir pour \u00e9viter les d\u00e9versements de liquide et avec des fixations pour \u00e9viter le glissement. Zone de s\u00e9chage en feutre r\u00e9sistant, avec fixations pour \u00e9viter le glissement. Large zone de marquage entre les deux compartiments du tapis, id\u00e9ale pour le marquage en tampographie. R\u00e9utilisable et facile \u00e0 nettoyer apr\u00e8s chaque utilisation, avec des tapis amovibles pour un nettoyage facile. Manuel d\u00b4instructions de montage inclus.<\/p>\n","protected":false},"excerpt":{"rendered":"<p>Tapis d\u00e9sinfectant avec deux compartiment. Base en caoutchouc antid\u00e9rapant r\u00e9sistante et durable, provenant de mat\u00e9riaux recycl\u00e9s. Avec deux zones ind\u00e9pendantes et sp\u00e9cifiques identifi\u00e9es pour la d\u00e9sinfection et le s\u00e9chage: Zone&#8230;<\/p>\n","protected":false},"featured_media":15964,"template":"","meta":[],"product_cat":[355],"product_tag":[],"class_list":{"0":"post-15908","1":"product","2":"type-product","3":"status-publish","4":"has-post-thumbnail","6":"product_cat-interieur-deco-2","8":"first","9":"instock","10":"shipping-taxable","11":"purchasable","12":"product-type-simple"},"_links":{"self":[{"href":"https:\/\/www.hapy-com.fr\/echoppe\/wp-json\/wp\/v2\/product\/15908","targetHints":{"allow":["GET"]}}],"collection":[{"href":"https:\/\/www.hapy-com.fr\/echoppe\/wp-json\/wp\/v2\/product"}],"about":[{"href":"https:\/\/www.hapy-com.fr\/echoppe\/wp-json\/wp\/v2\/types\/product"}],"wp:featuredmedia":[{"embeddable":true,"href":"https:\/\/www.hapy-com.fr\/echoppe\/wp-json\/wp\/v2\/media\/15964"}],"wp:attachment":[{"href":"https:\/\/www.hapy-com.fr\/echoppe\/wp-json\/wp\/v2\/media?parent=15908"}],"wp:term":[{"taxonomy":"product_cat","embeddable":true,"href":"https:\/\/www.hapy-com.fr\/echoppe\/wp-json\/wp\/v2\/product_cat?post=15908"},{"taxonomy":"product_tag","embeddable":true,"href":"https:\/\/www.hapy-com.fr\/echoppe\/wp-json\/wp\/v2\/product_tag?post=15908"}],"curies":[{"name":"wp","href":"https:\/\/api.w.org\/{rel}","templated":true}]}}