{"id":16001,"date":"2022-06-24T12:30:30","date_gmt":"2022-06-24T10:30:30","guid":{"rendered":"http:\/\/www.hapy-com.fr\/echoppe\/?post_type=product&#038;p=16001"},"modified":"2022-06-24T12:30:43","modified_gmt":"2022-06-24T10:30:43","slug":"ouvre-bouteille-tronic","status":"publish","type":"product","link":"https:\/\/www.hapy-com.fr\/echoppe\/product\/ouvre-bouteille-tronic\/","title":{"rendered":"Ouvre Bouteille Tronic"},"content":{"rendered":"<p>Ouvre bouteille magn\u00e9tique avec corps r\u00e9sistant de diff\u00e9rentes couleurs et partie m\u00e9tallique pour ouverture.<\/p>\n","protected":false},"excerpt":{"rendered":"<p>Ouvre bouteille magn\u00e9tique avec corps r\u00e9sistant de diff\u00e9rentes couleurs et partie m\u00e9tallique pour ouverture.<\/p>\n","protected":false},"featured_media":16012,"template":"","meta":[],"product_cat":[355],"product_tag":[],"class_list":{"0":"post-16001","1":"product","2":"type-product","3":"status-publish","4":"has-post-thumbnail","6":"product_cat-interieur-deco-2","8":"first","9":"instock","10":"shipping-taxable","11":"purchasable","12":"product-type-simple"},"_links":{"self":[{"href":"https:\/\/www.hapy-com.fr\/echoppe\/wp-json\/wp\/v2\/product\/16001","targetHints":{"allow":["GET"]}}],"collection":[{"href":"https:\/\/www.hapy-com.fr\/echoppe\/wp-json\/wp\/v2\/product"}],"about":[{"href":"https:\/\/www.hapy-com.fr\/echoppe\/wp-json\/wp\/v2\/types\/product"}],"wp:featuredmedia":[{"embeddable":true,"href":"https:\/\/www.hapy-com.fr\/echoppe\/wp-json\/wp\/v2\/media\/16012"}],"wp:attachment":[{"href":"https:\/\/www.hapy-com.fr\/echoppe\/wp-json\/wp\/v2\/media?parent=16001"}],"wp:term":[{"taxonomy":"product_cat","embeddable":true,"href":"https:\/\/www.hapy-com.fr\/echoppe\/wp-json\/wp\/v2\/product_cat?post=16001"},{"taxonomy":"product_tag","embeddable":true,"href":"https:\/\/www.hapy-com.fr\/echoppe\/wp-json\/wp\/v2\/product_tag?post=16001"}],"curies":[{"name":"wp","href":"https:\/\/api.w.org\/{rel}","templated":true}]}}