{"id":16014,"date":"2022-06-24T12:30:44","date_gmt":"2022-06-24T10:30:44","guid":{"rendered":"http:\/\/www.hapy-com.fr\/echoppe\/?post_type=product&#038;p=16014"},"modified":"2022-06-24T12:30:49","modified_gmt":"2022-06-24T10:30:49","slug":"set-fromages-koet","status":"publish","type":"product","link":"https:\/\/www.hapy-com.fr\/echoppe\/product\/set-fromages-koet\/","title":{"rendered":"Set Fromages Koet"},"content":{"rendered":"<p>Set \u00e0 fromages compos\u00e9 d\u00b4ustensiles en acier inox avec manche en bois naturel. Pr\u00e9sent\u00e9 dans un \u00e9tui individuel avec mousse thermoform\u00e9e \u00e0 l\u00b4int\u00e9rieur.<\/p>\n","protected":false},"excerpt":{"rendered":"<p>Set \u00e0 fromages compos\u00e9 d\u00b4ustensiles en acier inox avec manche en bois naturel. Pr\u00e9sent\u00e9 dans un \u00e9tui individuel avec mousse thermoform\u00e9e \u00e0 l\u00b4int\u00e9rieur.<\/p>\n","protected":false},"featured_media":16023,"template":"","meta":[],"product_cat":[355],"product_tag":[],"class_list":{"0":"post-16014","1":"product","2":"type-product","3":"status-publish","4":"has-post-thumbnail","6":"product_cat-interieur-deco-2","8":"first","9":"instock","10":"shipping-taxable","11":"purchasable","12":"product-type-simple"},"_links":{"self":[{"href":"https:\/\/www.hapy-com.fr\/echoppe\/wp-json\/wp\/v2\/product\/16014","targetHints":{"allow":["GET"]}}],"collection":[{"href":"https:\/\/www.hapy-com.fr\/echoppe\/wp-json\/wp\/v2\/product"}],"about":[{"href":"https:\/\/www.hapy-com.fr\/echoppe\/wp-json\/wp\/v2\/types\/product"}],"wp:featuredmedia":[{"embeddable":true,"href":"https:\/\/www.hapy-com.fr\/echoppe\/wp-json\/wp\/v2\/media\/16023"}],"wp:attachment":[{"href":"https:\/\/www.hapy-com.fr\/echoppe\/wp-json\/wp\/v2\/media?parent=16014"}],"wp:term":[{"taxonomy":"product_cat","embeddable":true,"href":"https:\/\/www.hapy-com.fr\/echoppe\/wp-json\/wp\/v2\/product_cat?post=16014"},{"taxonomy":"product_tag","embeddable":true,"href":"https:\/\/www.hapy-com.fr\/echoppe\/wp-json\/wp\/v2\/product_tag?post=16014"}],"curies":[{"name":"wp","href":"https:\/\/api.w.org\/{rel}","templated":true}]}}