{"id":16059,"date":"2022-06-24T12:31:24","date_gmt":"2022-06-24T10:31:24","guid":{"rendered":"http:\/\/www.hapy-com.fr\/echoppe\/?post_type=product&#038;p=16059"},"modified":"2022-06-24T12:31:27","modified_gmt":"2022-06-24T10:31:27","slug":"glaciere-keixa","status":"publish","type":"product","link":"https:\/\/www.hapy-com.fr\/echoppe\/product\/glaciere-keixa\/","title":{"rendered":"Glaci\u00e8re Keixa"},"content":{"rendered":"<p>Sac isotherme tout terrain en intiss\u00e9 propos\u00e9 en coloris vifs. Rabat de fermeture avec velcro et soufflet triangulaire. Int\u00e9rieur isotherme finition aluminium.<\/p>\n","protected":false},"excerpt":{"rendered":"<p>Sac isotherme tout terrain en intiss\u00e9 propos\u00e9 en coloris vifs. Rabat de fermeture avec velcro et soufflet triangulaire. Int\u00e9rieur isotherme finition aluminium.<\/p>\n","protected":false},"featured_media":16065,"template":"","meta":[],"product_cat":[355],"product_tag":[],"class_list":{"0":"post-16059","1":"product","2":"type-product","3":"status-publish","4":"has-post-thumbnail","6":"product_cat-interieur-deco-2","8":"first","9":"instock","10":"shipping-taxable","11":"purchasable","12":"product-type-simple"},"_links":{"self":[{"href":"https:\/\/www.hapy-com.fr\/echoppe\/wp-json\/wp\/v2\/product\/16059","targetHints":{"allow":["GET"]}}],"collection":[{"href":"https:\/\/www.hapy-com.fr\/echoppe\/wp-json\/wp\/v2\/product"}],"about":[{"href":"https:\/\/www.hapy-com.fr\/echoppe\/wp-json\/wp\/v2\/types\/product"}],"wp:featuredmedia":[{"embeddable":true,"href":"https:\/\/www.hapy-com.fr\/echoppe\/wp-json\/wp\/v2\/media\/16065"}],"wp:attachment":[{"href":"https:\/\/www.hapy-com.fr\/echoppe\/wp-json\/wp\/v2\/media?parent=16059"}],"wp:term":[{"taxonomy":"product_cat","embeddable":true,"href":"https:\/\/www.hapy-com.fr\/echoppe\/wp-json\/wp\/v2\/product_cat?post=16059"},{"taxonomy":"product_tag","embeddable":true,"href":"https:\/\/www.hapy-com.fr\/echoppe\/wp-json\/wp\/v2\/product_tag?post=16059"}],"curies":[{"name":"wp","href":"https:\/\/api.w.org\/{rel}","templated":true}]}}