{"id":16063,"date":"2022-06-24T12:31:25","date_gmt":"2022-06-24T10:31:25","guid":{"rendered":"http:\/\/www.hapy-com.fr\/echoppe\/?post_type=product&#038;p=16063"},"modified":"2022-06-24T12:31:37","modified_gmt":"2022-06-24T10:31:37","slug":"tablier-vanur","status":"publish","type":"product","link":"https:\/\/www.hapy-com.fr\/echoppe\/product\/tablier-vanur\/","title":{"rendered":"Tablier Vanur"},"content":{"rendered":"<p>Tablier en intiss\u00e9, gamme vari\u00e9e de coloris vifs. Avec poche frontale et liens de r\u00e9glage. Coupe au dessus du genou.<\/p>\n","protected":false},"excerpt":{"rendered":"<p>Tablier en intiss\u00e9, gamme vari\u00e9e de coloris vifs. Avec poche frontale et liens de r\u00e9glage. Coupe au dessus du genou.<\/p>\n","protected":false},"featured_media":16073,"template":"","meta":[],"product_cat":[355],"product_tag":[],"class_list":{"0":"post-16063","1":"product","2":"type-product","3":"status-publish","4":"has-post-thumbnail","6":"product_cat-interieur-deco-2","8":"first","9":"instock","10":"shipping-taxable","11":"purchasable","12":"product-type-simple"},"_links":{"self":[{"href":"https:\/\/www.hapy-com.fr\/echoppe\/wp-json\/wp\/v2\/product\/16063","targetHints":{"allow":["GET"]}}],"collection":[{"href":"https:\/\/www.hapy-com.fr\/echoppe\/wp-json\/wp\/v2\/product"}],"about":[{"href":"https:\/\/www.hapy-com.fr\/echoppe\/wp-json\/wp\/v2\/types\/product"}],"wp:featuredmedia":[{"embeddable":true,"href":"https:\/\/www.hapy-com.fr\/echoppe\/wp-json\/wp\/v2\/media\/16073"}],"wp:attachment":[{"href":"https:\/\/www.hapy-com.fr\/echoppe\/wp-json\/wp\/v2\/media?parent=16063"}],"wp:term":[{"taxonomy":"product_cat","embeddable":true,"href":"https:\/\/www.hapy-com.fr\/echoppe\/wp-json\/wp\/v2\/product_cat?post=16063"},{"taxonomy":"product_tag","embeddable":true,"href":"https:\/\/www.hapy-com.fr\/echoppe\/wp-json\/wp\/v2\/product_tag?post=16063"}],"curies":[{"name":"wp","href":"https:\/\/api.w.org\/{rel}","templated":true}]}}