{"id":16118,"date":"2022-06-24T12:32:14","date_gmt":"2022-06-24T10:32:14","guid":{"rendered":"http:\/\/www.hapy-com.fr\/echoppe\/?post_type=product&#038;p=16118"},"modified":"2022-06-24T12:32:17","modified_gmt":"2022-06-24T10:32:17","slug":"gant-cuisine-tosha","status":"publish","type":"product","link":"https:\/\/www.hapy-com.fr\/echoppe\/product\/gant-cuisine-tosha\/","title":{"rendered":"Gant Cuisine Tosha"},"content":{"rendered":"<p>Gant de cuisine de haute qualit\u00e9 en m\u00e9lange de n\u00e9opr\u00e8ne et polyester de diff\u00e9rentes couleurs vives. Avec une face lisse sp\u00e9cialement con\u00e7ue pour l\u00b4impression et  ruban d\u00b4accroche.<\/p>\n","protected":false},"excerpt":{"rendered":"<p>Gant de cuisine de haute qualit\u00e9 en m\u00e9lange de n\u00e9opr\u00e8ne et polyester de diff\u00e9rentes couleurs vives. Avec une face lisse sp\u00e9cialement con\u00e7ue pour l\u00b4impression et ruban d\u00b4accroche.<\/p>\n","protected":false},"featured_media":16123,"template":"","meta":[],"product_cat":[355],"product_tag":[],"class_list":{"0":"post-16118","1":"product","2":"type-product","3":"status-publish","4":"has-post-thumbnail","6":"product_cat-interieur-deco-2","8":"first","9":"instock","10":"shipping-taxable","11":"purchasable","12":"product-type-simple"},"_links":{"self":[{"href":"https:\/\/www.hapy-com.fr\/echoppe\/wp-json\/wp\/v2\/product\/16118","targetHints":{"allow":["GET"]}}],"collection":[{"href":"https:\/\/www.hapy-com.fr\/echoppe\/wp-json\/wp\/v2\/product"}],"about":[{"href":"https:\/\/www.hapy-com.fr\/echoppe\/wp-json\/wp\/v2\/types\/product"}],"wp:featuredmedia":[{"embeddable":true,"href":"https:\/\/www.hapy-com.fr\/echoppe\/wp-json\/wp\/v2\/media\/16123"}],"wp:attachment":[{"href":"https:\/\/www.hapy-com.fr\/echoppe\/wp-json\/wp\/v2\/media?parent=16118"}],"wp:term":[{"taxonomy":"product_cat","embeddable":true,"href":"https:\/\/www.hapy-com.fr\/echoppe\/wp-json\/wp\/v2\/product_cat?post=16118"},{"taxonomy":"product_tag","embeddable":true,"href":"https:\/\/www.hapy-com.fr\/echoppe\/wp-json\/wp\/v2\/product_tag?post=16118"}],"curies":[{"name":"wp","href":"https:\/\/api.w.org\/{rel}","templated":true}]}}