{"id":16120,"date":"2022-06-24T12:32:15","date_gmt":"2022-06-24T10:32:15","guid":{"rendered":"http:\/\/www.hapy-com.fr\/echoppe\/?post_type=product&#038;p=16120"},"modified":"2022-06-24T12:32:22","modified_gmt":"2022-06-24T10:32:22","slug":"minuteur-holly","status":"publish","type":"product","link":"https:\/\/www.hapy-com.fr\/echoppe\/product\/minuteur-holly\/","title":{"rendered":"Minuteur Holly"},"content":{"rendered":"<p>Minuteur digital de forme originale ovale avec couvercle transparent et corps aux couleurs gaies. Jusqu\u00b4\u00e0 100 minutes, \u00e9quip\u00e9 d\u00b4une fonction chronom\u00e8tre. Alimentation par pile : 1x AAA non fournie. Pr\u00e9sent\u00e9 en boite individuelle.<\/p>\n","protected":false},"excerpt":{"rendered":"<p>Minuteur digital de forme originale ovale avec couvercle transparent et corps aux couleurs gaies. Jusqu\u00b4\u00e0 100 minutes, \u00e9quip\u00e9 d\u00b4une fonction chronom\u00e8tre. Alimentation par pile : 1x AAA non fournie. Pr\u00e9sent\u00e9&#8230;<\/p>\n","protected":false},"featured_media":16127,"template":"","meta":[],"product_cat":[355],"product_tag":[],"class_list":{"0":"post-16120","1":"product","2":"type-product","3":"status-publish","4":"has-post-thumbnail","6":"product_cat-interieur-deco-2","8":"first","9":"instock","10":"shipping-taxable","11":"purchasable","12":"product-type-simple"},"_links":{"self":[{"href":"https:\/\/www.hapy-com.fr\/echoppe\/wp-json\/wp\/v2\/product\/16120","targetHints":{"allow":["GET"]}}],"collection":[{"href":"https:\/\/www.hapy-com.fr\/echoppe\/wp-json\/wp\/v2\/product"}],"about":[{"href":"https:\/\/www.hapy-com.fr\/echoppe\/wp-json\/wp\/v2\/types\/product"}],"wp:featuredmedia":[{"embeddable":true,"href":"https:\/\/www.hapy-com.fr\/echoppe\/wp-json\/wp\/v2\/media\/16127"}],"wp:attachment":[{"href":"https:\/\/www.hapy-com.fr\/echoppe\/wp-json\/wp\/v2\/media?parent=16120"}],"wp:term":[{"taxonomy":"product_cat","embeddable":true,"href":"https:\/\/www.hapy-com.fr\/echoppe\/wp-json\/wp\/v2\/product_cat?post=16120"},{"taxonomy":"product_tag","embeddable":true,"href":"https:\/\/www.hapy-com.fr\/echoppe\/wp-json\/wp\/v2\/product_tag?post=16120"}],"curies":[{"name":"wp","href":"https:\/\/api.w.org\/{rel}","templated":true}]}}