{"id":16122,"date":"2022-06-24T12:32:15","date_gmt":"2022-06-24T10:32:15","guid":{"rendered":"http:\/\/www.hapy-com.fr\/echoppe\/?post_type=product&#038;p=16122"},"modified":"2022-06-24T12:32:27","modified_gmt":"2022-06-24T10:32:27","slug":"magnet-yakari","status":"publish","type":"product","link":"https:\/\/www.hapy-com.fr\/echoppe\/product\/magnet-yakari\/","title":{"rendered":"Magnet Yakari"},"content":{"rendered":"<p>Bloc notes magn\u00e9tique en carton r\u00e9sistant en coloris vifs et vari\u00e9s. Bloc de 40 feuilles lign\u00e9es avec support pour mini crayon inclus.<\/p>\n","protected":false},"excerpt":{"rendered":"<p>Bloc notes magn\u00e9tique en carton r\u00e9sistant en coloris vifs et vari\u00e9s. Bloc de 40 feuilles lign\u00e9es avec support pour mini crayon inclus.<\/p>\n","protected":false},"featured_media":16131,"template":"","meta":[],"product_cat":[355],"product_tag":[],"class_list":{"0":"post-16122","1":"product","2":"type-product","3":"status-publish","4":"has-post-thumbnail","6":"product_cat-interieur-deco-2","8":"first","9":"instock","10":"shipping-taxable","11":"purchasable","12":"product-type-simple"},"_links":{"self":[{"href":"https:\/\/www.hapy-com.fr\/echoppe\/wp-json\/wp\/v2\/product\/16122","targetHints":{"allow":["GET"]}}],"collection":[{"href":"https:\/\/www.hapy-com.fr\/echoppe\/wp-json\/wp\/v2\/product"}],"about":[{"href":"https:\/\/www.hapy-com.fr\/echoppe\/wp-json\/wp\/v2\/types\/product"}],"wp:featuredmedia":[{"embeddable":true,"href":"https:\/\/www.hapy-com.fr\/echoppe\/wp-json\/wp\/v2\/media\/16131"}],"wp:attachment":[{"href":"https:\/\/www.hapy-com.fr\/echoppe\/wp-json\/wp\/v2\/media?parent=16122"}],"wp:term":[{"taxonomy":"product_cat","embeddable":true,"href":"https:\/\/www.hapy-com.fr\/echoppe\/wp-json\/wp\/v2\/product_cat?post=16122"},{"taxonomy":"product_tag","embeddable":true,"href":"https:\/\/www.hapy-com.fr\/echoppe\/wp-json\/wp\/v2\/product_tag?post=16122"}],"curies":[{"name":"wp","href":"https:\/\/api.w.org\/{rel}","templated":true}]}}