{"id":16153,"date":"2022-06-24T12:32:43","date_gmt":"2022-06-24T10:32:43","guid":{"rendered":"http:\/\/www.hapy-com.fr\/echoppe\/?post_type=product&#038;p=16153"},"modified":"2022-06-24T12:32:55","modified_gmt":"2022-06-24T10:32:55","slug":"set-cuisine-leston","status":"publish","type":"product","link":"https:\/\/www.hapy-com.fr\/echoppe\/product\/set-cuisine-leston\/","title":{"rendered":"Set Cuisine Leston"},"content":{"rendered":"<p>Ensemble de cuisine avec manique et gant en TC -m\u00e9lange de coton et polyester-. Large gamme de couleurs vives avec int\u00e9rieur blanc. Une face lisse sp\u00e9cialement con\u00e7ue pour l\u00b4impression. Avec attache de suspension.<\/p>\n","protected":false},"excerpt":{"rendered":"<p>Ensemble de cuisine avec manique et gant en TC -m\u00e9lange de coton et polyester-. Large gamme de couleurs vives avec int\u00e9rieur blanc. Une face lisse sp\u00e9cialement con\u00e7ue pour l\u00b4impression. Avec&#8230;<\/p>\n","protected":false},"featured_media":16163,"template":"","meta":[],"product_cat":[355],"product_tag":[],"class_list":{"0":"post-16153","1":"product","2":"type-product","3":"status-publish","4":"has-post-thumbnail","6":"product_cat-interieur-deco-2","8":"first","9":"instock","10":"shipping-taxable","11":"purchasable","12":"product-type-simple"},"_links":{"self":[{"href":"https:\/\/www.hapy-com.fr\/echoppe\/wp-json\/wp\/v2\/product\/16153","targetHints":{"allow":["GET"]}}],"collection":[{"href":"https:\/\/www.hapy-com.fr\/echoppe\/wp-json\/wp\/v2\/product"}],"about":[{"href":"https:\/\/www.hapy-com.fr\/echoppe\/wp-json\/wp\/v2\/types\/product"}],"wp:featuredmedia":[{"embeddable":true,"href":"https:\/\/www.hapy-com.fr\/echoppe\/wp-json\/wp\/v2\/media\/16163"}],"wp:attachment":[{"href":"https:\/\/www.hapy-com.fr\/echoppe\/wp-json\/wp\/v2\/media?parent=16153"}],"wp:term":[{"taxonomy":"product_cat","embeddable":true,"href":"https:\/\/www.hapy-com.fr\/echoppe\/wp-json\/wp\/v2\/product_cat?post=16153"},{"taxonomy":"product_tag","embeddable":true,"href":"https:\/\/www.hapy-com.fr\/echoppe\/wp-json\/wp\/v2\/product_tag?post=16153"}],"curies":[{"name":"wp","href":"https:\/\/api.w.org\/{rel}","templated":true}]}}