{"id":16170,"date":"2022-06-24T12:33:02","date_gmt":"2022-06-24T10:33:02","guid":{"rendered":"http:\/\/www.hapy-com.fr\/echoppe\/?post_type=product&#038;p=16170"},"modified":"2022-06-24T12:33:07","modified_gmt":"2022-06-24T10:33:07","slug":"planche-a-decouper-ruban","status":"publish","type":"product","link":"https:\/\/www.hapy-com.fr\/echoppe\/product\/planche-a-decouper-ruban\/","title":{"rendered":"Planche \u00e0 D\u00e9couper Ruban"},"content":{"rendered":"<p>Planche \u00e0 d\u00e9couper en bambou, douce et robuste. Avec poign\u00e9e en d\u00e9coupe ronde pour une manipulation facile.<\/p>\n","protected":false},"excerpt":{"rendered":"<p>Planche \u00e0 d\u00e9couper en bambou, douce et robuste. Avec poign\u00e9e en d\u00e9coupe ronde pour une manipulation facile.<\/p>\n","protected":false},"featured_media":16183,"template":"","meta":[],"product_cat":[355],"product_tag":[],"class_list":{"0":"post-16170","1":"product","2":"type-product","3":"status-publish","4":"has-post-thumbnail","6":"product_cat-interieur-deco-2","8":"first","9":"instock","10":"shipping-taxable","11":"purchasable","12":"product-type-simple"},"_links":{"self":[{"href":"https:\/\/www.hapy-com.fr\/echoppe\/wp-json\/wp\/v2\/product\/16170","targetHints":{"allow":["GET"]}}],"collection":[{"href":"https:\/\/www.hapy-com.fr\/echoppe\/wp-json\/wp\/v2\/product"}],"about":[{"href":"https:\/\/www.hapy-com.fr\/echoppe\/wp-json\/wp\/v2\/types\/product"}],"wp:featuredmedia":[{"embeddable":true,"href":"https:\/\/www.hapy-com.fr\/echoppe\/wp-json\/wp\/v2\/media\/16183"}],"wp:attachment":[{"href":"https:\/\/www.hapy-com.fr\/echoppe\/wp-json\/wp\/v2\/media?parent=16170"}],"wp:term":[{"taxonomy":"product_cat","embeddable":true,"href":"https:\/\/www.hapy-com.fr\/echoppe\/wp-json\/wp\/v2\/product_cat?post=16170"},{"taxonomy":"product_tag","embeddable":true,"href":"https:\/\/www.hapy-com.fr\/echoppe\/wp-json\/wp\/v2\/product_tag?post=16170"}],"curies":[{"name":"wp","href":"https:\/\/api.w.org\/{rel}","templated":true}]}}