{"id":16172,"date":"2022-06-24T12:33:02","date_gmt":"2022-06-24T10:33:02","guid":{"rendered":"http:\/\/www.hapy-com.fr\/echoppe\/?post_type=product&#038;p=16172"},"modified":"2022-06-24T12:33:10","modified_gmt":"2022-06-24T10:33:10","slug":"cuillere-selma","status":"publish","type":"product","link":"https:\/\/www.hapy-com.fr\/echoppe\/product\/cuillere-selma\/","title":{"rendered":"Cuill\u00e8re Selma"},"content":{"rendered":"<p>Cuill\u00e8re de cuisine en bambou. Pr\u00e9sent\u00e9e en sachet individuel avec renfort en carton.<\/p>\n","protected":false},"excerpt":{"rendered":"<p>Cuill\u00e8re de cuisine en bambou. Pr\u00e9sent\u00e9e en sachet individuel avec renfort en carton.<\/p>\n","protected":false},"featured_media":16185,"template":"","meta":[],"product_cat":[355],"product_tag":[],"class_list":{"0":"post-16172","1":"product","2":"type-product","3":"status-publish","4":"has-post-thumbnail","6":"product_cat-interieur-deco-2","8":"first","9":"instock","10":"shipping-taxable","11":"purchasable","12":"product-type-simple"},"_links":{"self":[{"href":"https:\/\/www.hapy-com.fr\/echoppe\/wp-json\/wp\/v2\/product\/16172","targetHints":{"allow":["GET"]}}],"collection":[{"href":"https:\/\/www.hapy-com.fr\/echoppe\/wp-json\/wp\/v2\/product"}],"about":[{"href":"https:\/\/www.hapy-com.fr\/echoppe\/wp-json\/wp\/v2\/types\/product"}],"wp:featuredmedia":[{"embeddable":true,"href":"https:\/\/www.hapy-com.fr\/echoppe\/wp-json\/wp\/v2\/media\/16185"}],"wp:attachment":[{"href":"https:\/\/www.hapy-com.fr\/echoppe\/wp-json\/wp\/v2\/media?parent=16172"}],"wp:term":[{"taxonomy":"product_cat","embeddable":true,"href":"https:\/\/www.hapy-com.fr\/echoppe\/wp-json\/wp\/v2\/product_cat?post=16172"},{"taxonomy":"product_tag","embeddable":true,"href":"https:\/\/www.hapy-com.fr\/echoppe\/wp-json\/wp\/v2\/product_tag?post=16172"}],"curies":[{"name":"wp","href":"https:\/\/api.w.org\/{rel}","templated":true}]}}