{"id":16176,"date":"2022-06-24T12:33:03","date_gmt":"2022-06-24T10:33:03","guid":{"rendered":"http:\/\/www.hapy-com.fr\/echoppe\/?post_type=product&#038;p=16176"},"modified":"2022-06-24T12:33:19","modified_gmt":"2022-06-24T10:33:19","slug":"minuteur-siapax","status":"publish","type":"product","link":"https:\/\/www.hapy-com.fr\/echoppe\/product\/minuteur-siapax\/","title":{"rendered":"Minuteur Siapax"},"content":{"rendered":"<p>Sablier de 2 minutes sp\u00e9cialement con\u00e7u pour mesurer le temps de brossage des dents. Avec ventouse \u00e0 fort pouvoir d\u00b4adh\u00e9rence.<\/p>\n","protected":false},"excerpt":{"rendered":"<p>Sablier de 2 minutes sp\u00e9cialement con\u00e7u pour mesurer le temps de brossage des dents. Avec ventouse \u00e0 fort pouvoir d\u00b4adh\u00e9rence.<\/p>\n","protected":false},"featured_media":16191,"template":"","meta":[],"product_cat":[355],"product_tag":[],"class_list":{"0":"post-16176","1":"product","2":"type-product","3":"status-publish","4":"has-post-thumbnail","6":"product_cat-interieur-deco-2","8":"first","9":"instock","10":"shipping-taxable","11":"purchasable","12":"product-type-simple"},"_links":{"self":[{"href":"https:\/\/www.hapy-com.fr\/echoppe\/wp-json\/wp\/v2\/product\/16176","targetHints":{"allow":["GET"]}}],"collection":[{"href":"https:\/\/www.hapy-com.fr\/echoppe\/wp-json\/wp\/v2\/product"}],"about":[{"href":"https:\/\/www.hapy-com.fr\/echoppe\/wp-json\/wp\/v2\/types\/product"}],"wp:featuredmedia":[{"embeddable":true,"href":"https:\/\/www.hapy-com.fr\/echoppe\/wp-json\/wp\/v2\/media\/16191"}],"wp:attachment":[{"href":"https:\/\/www.hapy-com.fr\/echoppe\/wp-json\/wp\/v2\/media?parent=16176"}],"wp:term":[{"taxonomy":"product_cat","embeddable":true,"href":"https:\/\/www.hapy-com.fr\/echoppe\/wp-json\/wp\/v2\/product_cat?post=16176"},{"taxonomy":"product_tag","embeddable":true,"href":"https:\/\/www.hapy-com.fr\/echoppe\/wp-json\/wp\/v2\/product_tag?post=16176"}],"curies":[{"name":"wp","href":"https:\/\/api.w.org\/{rel}","templated":true}]}}