{"id":16180,"date":"2022-06-24T12:33:03","date_gmt":"2022-06-24T10:33:03","guid":{"rendered":"http:\/\/www.hapy-com.fr\/echoppe\/?post_type=product&#038;p=16180"},"modified":"2022-06-24T12:33:28","modified_gmt":"2022-06-24T10:33:28","slug":"lampe-slanky","status":"publish","type":"product","link":"https:\/\/www.hapy-com.fr\/echoppe\/product\/lampe-slanky\/","title":{"rendered":"Lampe Slanky"},"content":{"rendered":"<p>Lampe de table de 13cm de diam\u00e8tre avec la technologie de LED, conception audacieuse d ampoule et pied plein dans des couleurs amusante. Puissance de la batterie : Type AA non inclus et pr\u00e9sent\u00e9 dans la bo\u00eete de conception attrayante.<\/p>\n","protected":false},"excerpt":{"rendered":"<p>Lampe de table de 13cm de diam\u00e8tre avec la technologie de LED, conception audacieuse d ampoule et pied plein dans des couleurs amusante. Puissance de la batterie : Type AA&#8230;<\/p>\n","protected":false},"featured_media":16199,"template":"","meta":[],"product_cat":[355],"product_tag":[],"class_list":{"0":"post-16180","1":"product","2":"type-product","3":"status-publish","4":"has-post-thumbnail","6":"product_cat-interieur-deco-2","8":"first","9":"instock","10":"shipping-taxable","11":"purchasable","12":"product-type-simple"},"_links":{"self":[{"href":"https:\/\/www.hapy-com.fr\/echoppe\/wp-json\/wp\/v2\/product\/16180","targetHints":{"allow":["GET"]}}],"collection":[{"href":"https:\/\/www.hapy-com.fr\/echoppe\/wp-json\/wp\/v2\/product"}],"about":[{"href":"https:\/\/www.hapy-com.fr\/echoppe\/wp-json\/wp\/v2\/types\/product"}],"wp:featuredmedia":[{"embeddable":true,"href":"https:\/\/www.hapy-com.fr\/echoppe\/wp-json\/wp\/v2\/media\/16199"}],"wp:attachment":[{"href":"https:\/\/www.hapy-com.fr\/echoppe\/wp-json\/wp\/v2\/media?parent=16180"}],"wp:term":[{"taxonomy":"product_cat","embeddable":true,"href":"https:\/\/www.hapy-com.fr\/echoppe\/wp-json\/wp\/v2\/product_cat?post=16180"},{"taxonomy":"product_tag","embeddable":true,"href":"https:\/\/www.hapy-com.fr\/echoppe\/wp-json\/wp\/v2\/product_tag?post=16180"}],"curies":[{"name":"wp","href":"https:\/\/api.w.org\/{rel}","templated":true}]}}