{"id":16205,"date":"2022-06-24T12:33:34","date_gmt":"2022-06-24T10:33:34","guid":{"rendered":"http:\/\/www.hapy-com.fr\/echoppe\/?post_type=product&#038;p=16205"},"modified":"2022-06-24T12:33:37","modified_gmt":"2022-06-24T10:33:37","slug":"set-fromages-roldic","status":"publish","type":"product","link":"https:\/\/www.hapy-com.fr\/echoppe\/product\/set-fromages-roldic\/","title":{"rendered":"Set Fromages Roldic"},"content":{"rendered":"<p>Ensemble \u00e0 fromage compos\u00e9 de 6 pi\u00e8ces. Avec lames en acier inoxydable et manche ergonomique en coloris vari\u00e9s. Support en bois naturel avec surface antid\u00e9rapante. Pr\u00e9sent\u00e9 dans une jolie bo\u00eete design.<\/p>\n","protected":false},"excerpt":{"rendered":"<p>Ensemble \u00e0 fromage compos\u00e9 de 6 pi\u00e8ces. Avec lames en acier inoxydable et manche ergonomique en coloris vari\u00e9s. Support en bois naturel avec surface antid\u00e9rapante. Pr\u00e9sent\u00e9 dans une jolie bo\u00eete&#8230;<\/p>\n","protected":false},"featured_media":16217,"template":"","meta":[],"product_cat":[355],"product_tag":[],"class_list":{"0":"post-16205","1":"product","2":"type-product","3":"status-publish","4":"has-post-thumbnail","6":"product_cat-interieur-deco-2","8":"first","9":"instock","10":"shipping-taxable","11":"purchasable","12":"product-type-simple"},"_links":{"self":[{"href":"https:\/\/www.hapy-com.fr\/echoppe\/wp-json\/wp\/v2\/product\/16205","targetHints":{"allow":["GET"]}}],"collection":[{"href":"https:\/\/www.hapy-com.fr\/echoppe\/wp-json\/wp\/v2\/product"}],"about":[{"href":"https:\/\/www.hapy-com.fr\/echoppe\/wp-json\/wp\/v2\/types\/product"}],"wp:featuredmedia":[{"embeddable":true,"href":"https:\/\/www.hapy-com.fr\/echoppe\/wp-json\/wp\/v2\/media\/16217"}],"wp:attachment":[{"href":"https:\/\/www.hapy-com.fr\/echoppe\/wp-json\/wp\/v2\/media?parent=16205"}],"wp:term":[{"taxonomy":"product_cat","embeddable":true,"href":"https:\/\/www.hapy-com.fr\/echoppe\/wp-json\/wp\/v2\/product_cat?post=16205"},{"taxonomy":"product_tag","embeddable":true,"href":"https:\/\/www.hapy-com.fr\/echoppe\/wp-json\/wp\/v2\/product_tag?post=16205"}],"curies":[{"name":"wp","href":"https:\/\/api.w.org\/{rel}","templated":true}]}}