{"id":16207,"date":"2022-06-24T12:33:34","date_gmt":"2022-06-24T10:33:34","guid":{"rendered":"http:\/\/www.hapy-com.fr\/echoppe\/?post_type=product&#038;p=16207"},"modified":"2022-06-24T12:33:40","modified_gmt":"2022-06-24T10:33:40","slug":"sous-verre-ouvre-bouteille-olmux","status":"publish","type":"product","link":"https:\/\/www.hapy-com.fr\/echoppe\/product\/sous-verre-ouvre-bouteille-olmux\/","title":{"rendered":"Sous-Verre Ouvre Bouteille Olmux"},"content":{"rendered":"<p>Sous-verres originaux avec ouvre-bo\u00eetes en m\u00e9tal int\u00e9gr\u00e9 d\u00e9clin\u00e9 dans une vari\u00e9t\u00e9 de couleurs vives. Avec surface antid\u00e9rapante .<\/p>\n","protected":false},"excerpt":{"rendered":"<p>Sous-verres originaux avec ouvre-bo\u00eetes en m\u00e9tal int\u00e9gr\u00e9 d\u00e9clin\u00e9 dans une vari\u00e9t\u00e9 de couleurs vives. Avec surface antid\u00e9rapante .<\/p>\n","protected":false},"featured_media":16219,"template":"","meta":[],"product_cat":[355],"product_tag":[],"class_list":{"0":"post-16207","1":"product","2":"type-product","3":"status-publish","4":"has-post-thumbnail","6":"product_cat-interieur-deco-2","8":"first","9":"instock","10":"shipping-taxable","11":"purchasable","12":"product-type-simple"},"_links":{"self":[{"href":"https:\/\/www.hapy-com.fr\/echoppe\/wp-json\/wp\/v2\/product\/16207","targetHints":{"allow":["GET"]}}],"collection":[{"href":"https:\/\/www.hapy-com.fr\/echoppe\/wp-json\/wp\/v2\/product"}],"about":[{"href":"https:\/\/www.hapy-com.fr\/echoppe\/wp-json\/wp\/v2\/types\/product"}],"wp:featuredmedia":[{"embeddable":true,"href":"https:\/\/www.hapy-com.fr\/echoppe\/wp-json\/wp\/v2\/media\/16219"}],"wp:attachment":[{"href":"https:\/\/www.hapy-com.fr\/echoppe\/wp-json\/wp\/v2\/media?parent=16207"}],"wp:term":[{"taxonomy":"product_cat","embeddable":true,"href":"https:\/\/www.hapy-com.fr\/echoppe\/wp-json\/wp\/v2\/product_cat?post=16207"},{"taxonomy":"product_tag","embeddable":true,"href":"https:\/\/www.hapy-com.fr\/echoppe\/wp-json\/wp\/v2\/product_tag?post=16207"}],"curies":[{"name":"wp","href":"https:\/\/api.w.org\/{rel}","templated":true}]}}