{"id":16210,"date":"2022-06-24T12:33:35","date_gmt":"2022-06-24T10:33:35","guid":{"rendered":"http:\/\/www.hapy-com.fr\/echoppe\/?post_type=product&#038;p=16210"},"modified":"2022-06-24T12:33:47","modified_gmt":"2022-06-24T10:33:47","slug":"pot-de-fleurs-chupon","status":"publish","type":"product","link":"https:\/\/www.hapy-com.fr\/echoppe\/product\/pot-de-fleurs-chupon\/","title":{"rendered":"Pot de Fleurs Chupon"},"content":{"rendered":"<p>Petit pot de fleur original.Il suffit de laisser la paille en contact avec l`eau et ainsi des p\u00e9tunias fleurissent. Corps en c\u00e9ramique, avec 10-12 graines incluses. Pr\u00e9sent\u00e9 dans une bo\u00eete cadeau individuelle. Existe en forme de Canard ou Chat.<\/p>\n","protected":false},"excerpt":{"rendered":"<p>Petit pot de fleur original.Il suffit de laisser la paille en contact avec l`eau et ainsi des p\u00e9tunias fleurissent. Corps en c\u00e9ramique, avec 10-12 graines incluses. Pr\u00e9sent\u00e9 dans une bo\u00eete&#8230;<\/p>\n","protected":false},"featured_media":16223,"template":"","meta":[],"product_cat":[355],"product_tag":[],"class_list":{"0":"post-16210","1":"product","2":"type-product","3":"status-publish","4":"has-post-thumbnail","6":"product_cat-interieur-deco-2","8":"first","9":"instock","10":"shipping-taxable","11":"purchasable","12":"product-type-simple"},"_links":{"self":[{"href":"https:\/\/www.hapy-com.fr\/echoppe\/wp-json\/wp\/v2\/product\/16210","targetHints":{"allow":["GET"]}}],"collection":[{"href":"https:\/\/www.hapy-com.fr\/echoppe\/wp-json\/wp\/v2\/product"}],"about":[{"href":"https:\/\/www.hapy-com.fr\/echoppe\/wp-json\/wp\/v2\/types\/product"}],"wp:featuredmedia":[{"embeddable":true,"href":"https:\/\/www.hapy-com.fr\/echoppe\/wp-json\/wp\/v2\/media\/16223"}],"wp:attachment":[{"href":"https:\/\/www.hapy-com.fr\/echoppe\/wp-json\/wp\/v2\/media?parent=16210"}],"wp:term":[{"taxonomy":"product_cat","embeddable":true,"href":"https:\/\/www.hapy-com.fr\/echoppe\/wp-json\/wp\/v2\/product_cat?post=16210"},{"taxonomy":"product_tag","embeddable":true,"href":"https:\/\/www.hapy-com.fr\/echoppe\/wp-json\/wp\/v2\/product_tag?post=16210"}],"curies":[{"name":"wp","href":"https:\/\/api.w.org\/{rel}","templated":true}]}}