{"id":16211,"date":"2022-06-24T12:33:35","date_gmt":"2022-06-24T10:33:35","guid":{"rendered":"http:\/\/www.hapy-com.fr\/echoppe\/?post_type=product&#038;p=16211"},"modified":"2022-06-24T12:33:49","modified_gmt":"2022-06-24T10:33:49","slug":"sous-verre-brunex","status":"publish","type":"product","link":"https:\/\/www.hapy-com.fr\/echoppe\/product\/sous-verre-brunex\/","title":{"rendered":"Sous-Verre Brunex"},"content":{"rendered":"<p>Dessous de verre en li\u00e8ge naturel pour les amateurs de produits biologiques \u00e0 base de mat\u00e9riaux naturels.<\/p>\n","protected":false},"excerpt":{"rendered":"<p>Dessous de verre en li\u00e8ge naturel pour les amateurs de produits biologiques \u00e0 base de mat\u00e9riaux naturels.<\/p>\n","protected":false},"featured_media":16225,"template":"","meta":[],"product_cat":[355],"product_tag":[],"class_list":{"0":"post-16211","1":"product","2":"type-product","3":"status-publish","4":"has-post-thumbnail","6":"product_cat-interieur-deco-2","8":"first","9":"instock","10":"shipping-taxable","11":"purchasable","12":"product-type-simple"},"_links":{"self":[{"href":"https:\/\/www.hapy-com.fr\/echoppe\/wp-json\/wp\/v2\/product\/16211","targetHints":{"allow":["GET"]}}],"collection":[{"href":"https:\/\/www.hapy-com.fr\/echoppe\/wp-json\/wp\/v2\/product"}],"about":[{"href":"https:\/\/www.hapy-com.fr\/echoppe\/wp-json\/wp\/v2\/types\/product"}],"wp:featuredmedia":[{"embeddable":true,"href":"https:\/\/www.hapy-com.fr\/echoppe\/wp-json\/wp\/v2\/media\/16225"}],"wp:attachment":[{"href":"https:\/\/www.hapy-com.fr\/echoppe\/wp-json\/wp\/v2\/media?parent=16211"}],"wp:term":[{"taxonomy":"product_cat","embeddable":true,"href":"https:\/\/www.hapy-com.fr\/echoppe\/wp-json\/wp\/v2\/product_cat?post=16211"},{"taxonomy":"product_tag","embeddable":true,"href":"https:\/\/www.hapy-com.fr\/echoppe\/wp-json\/wp\/v2\/product_tag?post=16211"}],"curies":[{"name":"wp","href":"https:\/\/api.w.org\/{rel}","templated":true}]}}