{"id":16212,"date":"2022-06-24T12:33:35","date_gmt":"2022-06-24T10:33:35","guid":{"rendered":"http:\/\/www.hapy-com.fr\/echoppe\/?post_type=product&#038;p=16212"},"modified":"2022-06-24T12:33:51","modified_gmt":"2022-06-24T10:33:51","slug":"couverture-lerten","status":"publish","type":"product","link":"https:\/\/www.hapy-com.fr\/echoppe\/product\/couverture-lerten\/","title":{"rendered":"Couverture Lerten"},"content":{"rendered":"<p>Couverture au design \u00e9l\u00e9gant bicolore 125x160cm. En combinaison lisse et chaude de toison de corail et de mat\u00e9riaux sherpa de 380g \/ m2. Pr\u00e9sent\u00e9 en ruban avec une feuille pour une impression facile. *Pour les commandes avec impression, le co\u00fbt du marquage doit \u00eatre major\u00e9 de + 0,20 \/ unit\u00e9 pour traitement sp\u00e9cial.*<\/p>\n","protected":false},"excerpt":{"rendered":"<p>Couverture au design \u00e9l\u00e9gant bicolore 125x160cm. En combinaison lisse et chaude de toison de corail et de mat\u00e9riaux sherpa de 380g \/ m2. Pr\u00e9sent\u00e9 en ruban avec une feuille pour&#8230;<\/p>\n","protected":false},"featured_media":16227,"template":"","meta":[],"product_cat":[355],"product_tag":[],"class_list":{"0":"post-16212","1":"product","2":"type-product","3":"status-publish","4":"has-post-thumbnail","6":"product_cat-interieur-deco-2","8":"first","9":"instock","10":"shipping-taxable","11":"purchasable","12":"product-type-simple"},"_links":{"self":[{"href":"https:\/\/www.hapy-com.fr\/echoppe\/wp-json\/wp\/v2\/product\/16212","targetHints":{"allow":["GET"]}}],"collection":[{"href":"https:\/\/www.hapy-com.fr\/echoppe\/wp-json\/wp\/v2\/product"}],"about":[{"href":"https:\/\/www.hapy-com.fr\/echoppe\/wp-json\/wp\/v2\/types\/product"}],"wp:featuredmedia":[{"embeddable":true,"href":"https:\/\/www.hapy-com.fr\/echoppe\/wp-json\/wp\/v2\/media\/16227"}],"wp:attachment":[{"href":"https:\/\/www.hapy-com.fr\/echoppe\/wp-json\/wp\/v2\/media?parent=16212"}],"wp:term":[{"taxonomy":"product_cat","embeddable":true,"href":"https:\/\/www.hapy-com.fr\/echoppe\/wp-json\/wp\/v2\/product_cat?post=16212"},{"taxonomy":"product_tag","embeddable":true,"href":"https:\/\/www.hapy-com.fr\/echoppe\/wp-json\/wp\/v2\/product_tag?post=16212"}],"curies":[{"name":"wp","href":"https:\/\/api.w.org\/{rel}","templated":true}]}}