{"id":16213,"date":"2022-06-24T12:33:35","date_gmt":"2022-06-24T10:33:35","guid":{"rendered":"http:\/\/www.hapy-com.fr\/echoppe\/?post_type=product&#038;p=16213"},"modified":"2022-06-24T12:33:53","modified_gmt":"2022-06-24T10:33:53","slug":"tablier-konner","status":"publish","type":"product","link":"https:\/\/www.hapy-com.fr\/echoppe\/product\/tablier-konner\/","title":{"rendered":"Tablier Konner"},"content":{"rendered":"<p>Tablier de qualit\u00e9 en TC &#8211; combin\u00e9 coton et polyester. Dans une gamme vari\u00e9e de couleurs vives, avec double poche avant et sangles de cou r\u00e9glable et ceinture. Coupe sous le genou. TC. 20% coton \/ 80% polyester 145 g \/ m2<\/p>\n","protected":false},"excerpt":{"rendered":"<p>Tablier de qualit\u00e9 en TC &#8211; combin\u00e9 coton et polyester. Dans une gamme vari\u00e9e de couleurs vives, avec double poche avant et sangles de cou r\u00e9glable et ceinture. Coupe sous&#8230;<\/p>\n","protected":false},"featured_media":16228,"template":"","meta":[],"product_cat":[355],"product_tag":[],"class_list":{"0":"post-16213","1":"product","2":"type-product","3":"status-publish","4":"has-post-thumbnail","6":"product_cat-interieur-deco-2","8":"first","9":"instock","10":"shipping-taxable","11":"purchasable","12":"product-type-simple"},"_links":{"self":[{"href":"https:\/\/www.hapy-com.fr\/echoppe\/wp-json\/wp\/v2\/product\/16213","targetHints":{"allow":["GET"]}}],"collection":[{"href":"https:\/\/www.hapy-com.fr\/echoppe\/wp-json\/wp\/v2\/product"}],"about":[{"href":"https:\/\/www.hapy-com.fr\/echoppe\/wp-json\/wp\/v2\/types\/product"}],"wp:featuredmedia":[{"embeddable":true,"href":"https:\/\/www.hapy-com.fr\/echoppe\/wp-json\/wp\/v2\/media\/16228"}],"wp:attachment":[{"href":"https:\/\/www.hapy-com.fr\/echoppe\/wp-json\/wp\/v2\/media?parent=16213"}],"wp:term":[{"taxonomy":"product_cat","embeddable":true,"href":"https:\/\/www.hapy-com.fr\/echoppe\/wp-json\/wp\/v2\/product_cat?post=16213"},{"taxonomy":"product_tag","embeddable":true,"href":"https:\/\/www.hapy-com.fr\/echoppe\/wp-json\/wp\/v2\/product_tag?post=16213"}],"curies":[{"name":"wp","href":"https:\/\/api.w.org\/{rel}","templated":true}]}}