{"id":16235,"date":"2022-06-24T12:33:57","date_gmt":"2022-06-24T10:33:57","guid":{"rendered":"http:\/\/www.hapy-com.fr\/echoppe\/?post_type=product&#038;p=16235"},"modified":"2022-06-24T12:34:07","modified_gmt":"2022-06-24T10:34:07","slug":"tablier-riffox","status":"publish","type":"product","link":"https:\/\/www.hapy-com.fr\/echoppe\/product\/tablier-riffox\/","title":{"rendered":"Tablier Riffox"},"content":{"rendered":"<p>Tablier de la collection Gamme \u00e9co-friendly, 100% coton bio. R\u00e9glable avec poche avant, coupe sous le genou. \u00c9tiquette label mati\u00e8re Coton organique pour v\u00e9hiculer une image \u00e9co-friendly.<\/p>\n","protected":false},"excerpt":{"rendered":"<p>Tablier de la collection Gamme \u00e9co-friendly, 100% coton bio. R\u00e9glable avec poche avant, coupe sous le genou. \u00c9tiquette label mati\u00e8re Coton organique pour v\u00e9hiculer une image \u00e9co-friendly.<\/p>\n","protected":false},"featured_media":16245,"template":"","meta":[],"product_cat":[355],"product_tag":[],"class_list":{"0":"post-16235","1":"product","2":"type-product","3":"status-publish","4":"has-post-thumbnail","6":"product_cat-interieur-deco-2","8":"first","9":"instock","10":"shipping-taxable","11":"purchasable","12":"product-type-simple"},"_links":{"self":[{"href":"https:\/\/www.hapy-com.fr\/echoppe\/wp-json\/wp\/v2\/product\/16235","targetHints":{"allow":["GET"]}}],"collection":[{"href":"https:\/\/www.hapy-com.fr\/echoppe\/wp-json\/wp\/v2\/product"}],"about":[{"href":"https:\/\/www.hapy-com.fr\/echoppe\/wp-json\/wp\/v2\/types\/product"}],"wp:featuredmedia":[{"embeddable":true,"href":"https:\/\/www.hapy-com.fr\/echoppe\/wp-json\/wp\/v2\/media\/16245"}],"wp:attachment":[{"href":"https:\/\/www.hapy-com.fr\/echoppe\/wp-json\/wp\/v2\/media?parent=16235"}],"wp:term":[{"taxonomy":"product_cat","embeddable":true,"href":"https:\/\/www.hapy-com.fr\/echoppe\/wp-json\/wp\/v2\/product_cat?post=16235"},{"taxonomy":"product_tag","embeddable":true,"href":"https:\/\/www.hapy-com.fr\/echoppe\/wp-json\/wp\/v2\/product_tag?post=16235"}],"curies":[{"name":"wp","href":"https:\/\/api.w.org\/{rel}","templated":true}]}}