{"id":16237,"date":"2022-06-24T12:33:57","date_gmt":"2022-06-24T10:33:57","guid":{"rendered":"http:\/\/www.hapy-com.fr\/echoppe\/?post_type=product&#038;p=16237"},"modified":"2022-06-24T12:34:10","modified_gmt":"2022-06-24T10:34:10","slug":"ouvre-bouteille-ferdy","status":"publish","type":"product","link":"https:\/\/www.hapy-com.fr\/echoppe\/product\/ouvre-bouteille-ferdy\/","title":{"rendered":"Ouvre Bouteille Ferdy"},"content":{"rendered":"<p>Ouvre-bouteille en bois de h\u00eatre poli, int\u00e9rieur en acier inoxydable, avec d\u00e9coupe pour le suspendre.<\/p>\n","protected":false},"excerpt":{"rendered":"<p>Ouvre-bouteille en bois de h\u00eatre poli, int\u00e9rieur en acier inoxydable, avec d\u00e9coupe pour le suspendre.<\/p>\n","protected":false},"featured_media":16249,"template":"","meta":[],"product_cat":[355],"product_tag":[],"class_list":{"0":"post-16237","1":"product","2":"type-product","3":"status-publish","4":"has-post-thumbnail","6":"product_cat-interieur-deco-2","8":"first","9":"instock","10":"shipping-taxable","11":"purchasable","12":"product-type-simple"},"_links":{"self":[{"href":"https:\/\/www.hapy-com.fr\/echoppe\/wp-json\/wp\/v2\/product\/16237","targetHints":{"allow":["GET"]}}],"collection":[{"href":"https:\/\/www.hapy-com.fr\/echoppe\/wp-json\/wp\/v2\/product"}],"about":[{"href":"https:\/\/www.hapy-com.fr\/echoppe\/wp-json\/wp\/v2\/types\/product"}],"wp:featuredmedia":[{"embeddable":true,"href":"https:\/\/www.hapy-com.fr\/echoppe\/wp-json\/wp\/v2\/media\/16249"}],"wp:attachment":[{"href":"https:\/\/www.hapy-com.fr\/echoppe\/wp-json\/wp\/v2\/media?parent=16237"}],"wp:term":[{"taxonomy":"product_cat","embeddable":true,"href":"https:\/\/www.hapy-com.fr\/echoppe\/wp-json\/wp\/v2\/product_cat?post=16237"},{"taxonomy":"product_tag","embeddable":true,"href":"https:\/\/www.hapy-com.fr\/echoppe\/wp-json\/wp\/v2\/product_tag?post=16237"}],"curies":[{"name":"wp","href":"https:\/\/api.w.org\/{rel}","templated":true}]}}