{"id":16254,"date":"2022-06-24T12:34:16","date_gmt":"2022-06-24T10:34:16","guid":{"rendered":"http:\/\/www.hapy-com.fr\/echoppe\/?post_type=product&#038;p=16254"},"modified":"2022-06-24T12:34:22","modified_gmt":"2022-06-24T10:34:22","slug":"balance-hinfex","status":"publish","type":"product","link":"https:\/\/www.hapy-com.fr\/echoppe\/product\/balance-hinfex\/","title":{"rendered":"Balance Hinfex"},"content":{"rendered":"<p>Balance de cuisine en bambou poli. Affichage num\u00e9rique, avec fonction d\u00b4arr\u00eat automatique, fonctions de tare et de s\u00e9lection de l\u00b4unit\u00e9 de pesage. Fonctionne sur piles (pile bouton incluse), avec une limite de pes\u00e9e de 5 kg. Pr\u00e9sent\u00e9 dans une bo\u00eete  au design \u00e9cologique.<\/p>\n","protected":false},"excerpt":{"rendered":"<p>Balance de cuisine en bambou poli. Affichage num\u00e9rique, avec fonction d\u00b4arr\u00eat automatique, fonctions de tare et de s\u00e9lection de l\u00b4unit\u00e9 de pesage. Fonctionne sur piles (pile bouton incluse), avec une&#8230;<\/p>\n","protected":false},"featured_media":16270,"template":"","meta":[],"product_cat":[355],"product_tag":[],"class_list":{"0":"post-16254","1":"product","2":"type-product","3":"status-publish","4":"has-post-thumbnail","6":"product_cat-interieur-deco-2","8":"first","9":"instock","10":"shipping-taxable","11":"purchasable","12":"product-type-simple"},"_links":{"self":[{"href":"https:\/\/www.hapy-com.fr\/echoppe\/wp-json\/wp\/v2\/product\/16254","targetHints":{"allow":["GET"]}}],"collection":[{"href":"https:\/\/www.hapy-com.fr\/echoppe\/wp-json\/wp\/v2\/product"}],"about":[{"href":"https:\/\/www.hapy-com.fr\/echoppe\/wp-json\/wp\/v2\/types\/product"}],"wp:featuredmedia":[{"embeddable":true,"href":"https:\/\/www.hapy-com.fr\/echoppe\/wp-json\/wp\/v2\/media\/16270"}],"wp:attachment":[{"href":"https:\/\/www.hapy-com.fr\/echoppe\/wp-json\/wp\/v2\/media?parent=16254"}],"wp:term":[{"taxonomy":"product_cat","embeddable":true,"href":"https:\/\/www.hapy-com.fr\/echoppe\/wp-json\/wp\/v2\/product_cat?post=16254"},{"taxonomy":"product_tag","embeddable":true,"href":"https:\/\/www.hapy-com.fr\/echoppe\/wp-json\/wp\/v2\/product_tag?post=16254"}],"curies":[{"name":"wp","href":"https:\/\/api.w.org\/{rel}","templated":true}]}}