{"id":16255,"date":"2022-06-24T12:34:16","date_gmt":"2022-06-24T10:34:16","guid":{"rendered":"http:\/\/www.hapy-com.fr\/echoppe\/?post_type=product&#038;p=16255"},"modified":"2022-06-24T12:34:25","modified_gmt":"2022-06-24T10:34:25","slug":"clip-distributeur-dacix","status":"publish","type":"product","link":"https:\/\/www.hapy-com.fr\/echoppe\/product\/clip-distributeur-dacix\/","title":{"rendered":"Clip Distributeur Dacix"},"content":{"rendered":"<p>Pince avec bec verseur en PP, r\u00e9sistant,  pince universelle et capuchon de s\u00e9curit\u00e9.<\/p>\n","protected":false},"excerpt":{"rendered":"<p>Pince avec bec verseur en PP, r\u00e9sistant, pince universelle et capuchon de s\u00e9curit\u00e9.<\/p>\n","protected":false},"featured_media":16272,"template":"","meta":[],"product_cat":[355],"product_tag":[],"class_list":{"0":"post-16255","1":"product","2":"type-product","3":"status-publish","4":"has-post-thumbnail","6":"product_cat-interieur-deco-2","8":"first","9":"instock","10":"shipping-taxable","11":"purchasable","12":"product-type-simple"},"_links":{"self":[{"href":"https:\/\/www.hapy-com.fr\/echoppe\/wp-json\/wp\/v2\/product\/16255","targetHints":{"allow":["GET"]}}],"collection":[{"href":"https:\/\/www.hapy-com.fr\/echoppe\/wp-json\/wp\/v2\/product"}],"about":[{"href":"https:\/\/www.hapy-com.fr\/echoppe\/wp-json\/wp\/v2\/types\/product"}],"wp:featuredmedia":[{"embeddable":true,"href":"https:\/\/www.hapy-com.fr\/echoppe\/wp-json\/wp\/v2\/media\/16272"}],"wp:attachment":[{"href":"https:\/\/www.hapy-com.fr\/echoppe\/wp-json\/wp\/v2\/media?parent=16255"}],"wp:term":[{"taxonomy":"product_cat","embeddable":true,"href":"https:\/\/www.hapy-com.fr\/echoppe\/wp-json\/wp\/v2\/product_cat?post=16255"},{"taxonomy":"product_tag","embeddable":true,"href":"https:\/\/www.hapy-com.fr\/echoppe\/wp-json\/wp\/v2\/product_tag?post=16255"}],"curies":[{"name":"wp","href":"https:\/\/api.w.org\/{rel}","templated":true}]}}