{"id":16257,"date":"2022-06-24T12:34:16","date_gmt":"2022-06-24T10:34:16","guid":{"rendered":"http:\/\/www.hapy-com.fr\/echoppe\/?post_type=product&#038;p=16257"},"modified":"2022-06-24T12:34:29","modified_gmt":"2022-06-24T10:34:29","slug":"ouvre-bouteille-kiray","status":"publish","type":"product","link":"https:\/\/www.hapy-com.fr\/echoppe\/product\/ouvre-bouteille-kiray\/","title":{"rendered":"Ouvre Bouteille Kiray"},"content":{"rendered":"<p>D\u00e9capsuleur en bois avec c\u00f4t\u00e9 aimant\u00e9 en acier inoxydable et design rond. Pr\u00e9sentation individuelle.<\/p>\n","protected":false},"excerpt":{"rendered":"<p>D\u00e9capsuleur en bois avec c\u00f4t\u00e9 aimant\u00e9 en acier inoxydable et design rond. Pr\u00e9sentation individuelle.<\/p>\n","protected":false},"featured_media":16276,"template":"","meta":[],"product_cat":[355],"product_tag":[],"class_list":{"0":"post-16257","1":"product","2":"type-product","3":"status-publish","4":"has-post-thumbnail","6":"product_cat-interieur-deco-2","8":"first","9":"instock","10":"shipping-taxable","11":"purchasable","12":"product-type-simple"},"_links":{"self":[{"href":"https:\/\/www.hapy-com.fr\/echoppe\/wp-json\/wp\/v2\/product\/16257","targetHints":{"allow":["GET"]}}],"collection":[{"href":"https:\/\/www.hapy-com.fr\/echoppe\/wp-json\/wp\/v2\/product"}],"about":[{"href":"https:\/\/www.hapy-com.fr\/echoppe\/wp-json\/wp\/v2\/types\/product"}],"wp:featuredmedia":[{"embeddable":true,"href":"https:\/\/www.hapy-com.fr\/echoppe\/wp-json\/wp\/v2\/media\/16276"}],"wp:attachment":[{"href":"https:\/\/www.hapy-com.fr\/echoppe\/wp-json\/wp\/v2\/media?parent=16257"}],"wp:term":[{"taxonomy":"product_cat","embeddable":true,"href":"https:\/\/www.hapy-com.fr\/echoppe\/wp-json\/wp\/v2\/product_cat?post=16257"},{"taxonomy":"product_tag","embeddable":true,"href":"https:\/\/www.hapy-com.fr\/echoppe\/wp-json\/wp\/v2\/product_tag?post=16257"}],"curies":[{"name":"wp","href":"https:\/\/api.w.org\/{rel}","templated":true}]}}