{"id":16259,"date":"2022-06-24T12:34:16","date_gmt":"2022-06-24T10:34:16","guid":{"rendered":"http:\/\/www.hapy-com.fr\/echoppe\/?post_type=product&#038;p=16259"},"modified":"2022-06-24T12:34:34","modified_gmt":"2022-06-24T10:34:34","slug":"tire-bouchon-ouvre-bouteille-lavip","status":"publish","type":"product","link":"https:\/\/www.hapy-com.fr\/echoppe\/product\/tire-bouchon-ouvre-bouteille-lavip\/","title":{"rendered":"Tire-Bouchon Ouvre Bouteille Lavip"},"content":{"rendered":"<p>Tire-bouchon de ligne naturelle avec l\u2019ouvre-bouteille et le coupeur de capsule. Fait de fibre de bambou et abs, avec des accessoires en acier inoxydable. Pr\u00e9sent\u00e9 dans une bo\u00eete individuelle attrayante de design \u00e9cologique.<\/p>\n","protected":false},"excerpt":{"rendered":"<p>Tire-bouchon de ligne naturelle avec l\u2019ouvre-bouteille et le coupeur de capsule. Fait de fibre de bambou et abs, avec des accessoires en acier inoxydable. Pr\u00e9sent\u00e9 dans une bo\u00eete individuelle attrayante&#8230;<\/p>\n","protected":false},"featured_media":16280,"template":"","meta":[],"product_cat":[355],"product_tag":[],"class_list":{"0":"post-16259","1":"product","2":"type-product","3":"status-publish","4":"has-post-thumbnail","6":"product_cat-interieur-deco-2","8":"first","9":"instock","10":"shipping-taxable","11":"purchasable","12":"product-type-simple"},"_links":{"self":[{"href":"https:\/\/www.hapy-com.fr\/echoppe\/wp-json\/wp\/v2\/product\/16259","targetHints":{"allow":["GET"]}}],"collection":[{"href":"https:\/\/www.hapy-com.fr\/echoppe\/wp-json\/wp\/v2\/product"}],"about":[{"href":"https:\/\/www.hapy-com.fr\/echoppe\/wp-json\/wp\/v2\/types\/product"}],"wp:featuredmedia":[{"embeddable":true,"href":"https:\/\/www.hapy-com.fr\/echoppe\/wp-json\/wp\/v2\/media\/16280"}],"wp:attachment":[{"href":"https:\/\/www.hapy-com.fr\/echoppe\/wp-json\/wp\/v2\/media?parent=16259"}],"wp:term":[{"taxonomy":"product_cat","embeddable":true,"href":"https:\/\/www.hapy-com.fr\/echoppe\/wp-json\/wp\/v2\/product_cat?post=16259"},{"taxonomy":"product_tag","embeddable":true,"href":"https:\/\/www.hapy-com.fr\/echoppe\/wp-json\/wp\/v2\/product_tag?post=16259"}],"curies":[{"name":"wp","href":"https:\/\/api.w.org\/{rel}","templated":true}]}}