{"id":16264,"date":"2022-06-24T12:34:17","date_gmt":"2022-06-24T10:34:17","guid":{"rendered":"http:\/\/www.hapy-com.fr\/echoppe\/?post_type=product&#038;p=16264"},"modified":"2022-06-24T12:34:47","modified_gmt":"2022-06-24T10:34:47","slug":"gant-cuisine-piper","status":"publish","type":"product","link":"https:\/\/www.hapy-com.fr\/echoppe\/product\/gant-cuisine-piper\/","title":{"rendered":"Gant Cuisine Piper"},"content":{"rendered":"<p>Gant de cuisine de haute qualit\u00e9 en 100% coton avec ruban de suspension d\u00e9clin\u00e9 en couleurs vives. Une face lisse pr\u00e9vue pour le marquage.<\/p>\n","protected":false},"excerpt":{"rendered":"<p>Gant de cuisine de haute qualit\u00e9 en 100% coton avec ruban de suspension d\u00e9clin\u00e9 en couleurs vives. Une face lisse pr\u00e9vue pour le marquage.<\/p>\n","protected":false},"featured_media":16290,"template":"","meta":[],"product_cat":[355],"product_tag":[],"class_list":{"0":"post-16264","1":"product","2":"type-product","3":"status-publish","4":"has-post-thumbnail","6":"product_cat-interieur-deco-2","8":"first","9":"instock","10":"shipping-taxable","11":"purchasable","12":"product-type-simple"},"_links":{"self":[{"href":"https:\/\/www.hapy-com.fr\/echoppe\/wp-json\/wp\/v2\/product\/16264","targetHints":{"allow":["GET"]}}],"collection":[{"href":"https:\/\/www.hapy-com.fr\/echoppe\/wp-json\/wp\/v2\/product"}],"about":[{"href":"https:\/\/www.hapy-com.fr\/echoppe\/wp-json\/wp\/v2\/types\/product"}],"wp:featuredmedia":[{"embeddable":true,"href":"https:\/\/www.hapy-com.fr\/echoppe\/wp-json\/wp\/v2\/media\/16290"}],"wp:attachment":[{"href":"https:\/\/www.hapy-com.fr\/echoppe\/wp-json\/wp\/v2\/media?parent=16264"}],"wp:term":[{"taxonomy":"product_cat","embeddable":true,"href":"https:\/\/www.hapy-com.fr\/echoppe\/wp-json\/wp\/v2\/product_cat?post=16264"},{"taxonomy":"product_tag","embeddable":true,"href":"https:\/\/www.hapy-com.fr\/echoppe\/wp-json\/wp\/v2\/product_tag?post=16264"}],"curies":[{"name":"wp","href":"https:\/\/api.w.org\/{rel}","templated":true}]}}