{"id":16348,"date":"2022-06-24T12:38:11","date_gmt":"2022-06-24T10:38:11","guid":{"rendered":"http:\/\/www.hapy-com.fr\/echoppe\/product\/ruban-chapeau-nwovenband-8\/"},"modified":"2022-07-05T21:42:56","modified_gmt":"2022-07-05T19:42:56","slug":"ruban-chapeau-nwovenband-8","status":"publish","type":"product","link":"https:\/\/www.hapy-com.fr\/echoppe\/product\/ruban-chapeau-nwovenband-8\/","title":{"rendered":"Ruban Chapeau Nwovenband"},"content":{"rendered":"<p>Ruban Non-tiss\u00e9 pour chapeau, gamme de couleurs vari\u00e9es. Livr\u00e9 coup\u00e9, taille 67&#215;2,7cm.<\/p>\n","protected":false},"excerpt":{"rendered":"<p>Ruban Non-tiss\u00e9 pour chapeau, gamme de couleurs vari\u00e9es. Livr\u00e9 coup\u00e9, taille 67&#215;2,7cm.<\/p>\n","protected":false},"featured_media":16347,"template":"","meta":[],"product_cat":[356,456],"product_tag":[],"class_list":{"0":"post-16348","1":"product","2":"type-product","3":"status-publish","4":"has-post-thumbnail","6":"product_cat-casquettes-et-chapeaux","7":"product_cat-ruban","9":"first","10":"instock","11":"shipping-taxable","12":"purchasable","13":"product-type-simple"},"_links":{"self":[{"href":"https:\/\/www.hapy-com.fr\/echoppe\/wp-json\/wp\/v2\/product\/16348","targetHints":{"allow":["GET"]}}],"collection":[{"href":"https:\/\/www.hapy-com.fr\/echoppe\/wp-json\/wp\/v2\/product"}],"about":[{"href":"https:\/\/www.hapy-com.fr\/echoppe\/wp-json\/wp\/v2\/types\/product"}],"wp:featuredmedia":[{"embeddable":true,"href":"https:\/\/www.hapy-com.fr\/echoppe\/wp-json\/wp\/v2\/media\/16347"}],"wp:attachment":[{"href":"https:\/\/www.hapy-com.fr\/echoppe\/wp-json\/wp\/v2\/media?parent=16348"}],"wp:term":[{"taxonomy":"product_cat","embeddable":true,"href":"https:\/\/www.hapy-com.fr\/echoppe\/wp-json\/wp\/v2\/product_cat?post=16348"},{"taxonomy":"product_tag","embeddable":true,"href":"https:\/\/www.hapy-com.fr\/echoppe\/wp-json\/wp\/v2\/product_tag?post=16348"}],"curies":[{"name":"wp","href":"https:\/\/api.w.org\/{rel}","templated":true}]}}