{"id":16391,"date":"2022-06-24T12:38:43","date_gmt":"2022-06-24T10:38:43","guid":{"rendered":"http:\/\/www.hapy-com.fr\/echoppe\/product\/casquette-five\/"},"modified":"2022-07-05T21:25:12","modified_gmt":"2022-07-05T19:25:12","slug":"casquette-five","status":"publish","type":"product","link":"https:\/\/www.hapy-com.fr\/echoppe\/product\/casquette-five\/","title":{"rendered":"Casquette Five"},"content":{"rendered":"<p>Casquette \u00e0 5 panneaux en 100% coton peign\u00e9 avec un sandwich blanc. Gamme vari\u00e9e de couleurs vives . Orifices de ventilation brod\u00e9s et fermeture r\u00e9glable par velcro.<\/p>\n","protected":false},"excerpt":{"rendered":"<p>Casquette \u00e0 5 panneaux en 100% coton peign\u00e9 avec un sandwich blanc. Gamme vari\u00e9e de couleurs vives . Orifices de ventilation brod\u00e9s et fermeture r\u00e9glable par velcro.<\/p>\n","protected":false},"featured_media":16390,"template":"","meta":[],"product_cat":[446,356],"product_tag":[],"class_list":{"0":"post-16391","1":"product","2":"type-product","3":"status-publish","4":"has-post-thumbnail","6":"product_cat-casquette-et-visiere-casquettes-et-chapeaux","7":"product_cat-casquettes-et-chapeaux","9":"first","10":"instock","11":"shipping-taxable","12":"purchasable","13":"product-type-simple"},"_links":{"self":[{"href":"https:\/\/www.hapy-com.fr\/echoppe\/wp-json\/wp\/v2\/product\/16391","targetHints":{"allow":["GET"]}}],"collection":[{"href":"https:\/\/www.hapy-com.fr\/echoppe\/wp-json\/wp\/v2\/product"}],"about":[{"href":"https:\/\/www.hapy-com.fr\/echoppe\/wp-json\/wp\/v2\/types\/product"}],"wp:featuredmedia":[{"embeddable":true,"href":"https:\/\/www.hapy-com.fr\/echoppe\/wp-json\/wp\/v2\/media\/16390"}],"wp:attachment":[{"href":"https:\/\/www.hapy-com.fr\/echoppe\/wp-json\/wp\/v2\/media?parent=16391"}],"wp:term":[{"taxonomy":"product_cat","embeddable":true,"href":"https:\/\/www.hapy-com.fr\/echoppe\/wp-json\/wp\/v2\/product_cat?post=16391"},{"taxonomy":"product_tag","embeddable":true,"href":"https:\/\/www.hapy-com.fr\/echoppe\/wp-json\/wp\/v2\/product_tag?post=16391"}],"curies":[{"name":"wp","href":"https:\/\/api.w.org\/{rel}","templated":true}]}}