{"id":16407,"date":"2022-06-24T12:38:55","date_gmt":"2022-06-24T10:38:55","guid":{"rendered":"http:\/\/www.hapy-com.fr\/echoppe\/product\/casquette-iberia-2\/"},"modified":"2022-07-05T21:25:14","modified_gmt":"2022-07-05T19:25:14","slug":"casquette-iberia-2","status":"publish","type":"product","link":"https:\/\/www.hapy-com.fr\/echoppe\/product\/casquette-iberia-2\/","title":{"rendered":"Casquette Iberia"},"content":{"rendered":"<p>Casquette avec motif drapeau espagnol en 100% coton peign\u00e9. 6 panneaux, avec sandwich tricolore et drapeau lat\u00e9ral et arri\u00e8re. Avec orifices de ventilation brod\u00e9s et fermeture r\u00e9glable par velcro.<\/p>\n","protected":false},"excerpt":{"rendered":"<p>Casquette avec motif drapeau espagnol en 100% coton peign\u00e9. 6 panneaux, avec sandwich tricolore et drapeau lat\u00e9ral et arri\u00e8re. Avec orifices de ventilation brod\u00e9s et fermeture r\u00e9glable par velcro.<\/p>\n","protected":false},"featured_media":16406,"template":"","meta":[],"product_cat":[446,356],"product_tag":[],"class_list":{"0":"post-16407","1":"product","2":"type-product","3":"status-publish","4":"has-post-thumbnail","6":"product_cat-casquette-et-visiere-casquettes-et-chapeaux","7":"product_cat-casquettes-et-chapeaux","9":"first","10":"instock","11":"shipping-taxable","12":"purchasable","13":"product-type-simple"},"_links":{"self":[{"href":"https:\/\/www.hapy-com.fr\/echoppe\/wp-json\/wp\/v2\/product\/16407","targetHints":{"allow":["GET"]}}],"collection":[{"href":"https:\/\/www.hapy-com.fr\/echoppe\/wp-json\/wp\/v2\/product"}],"about":[{"href":"https:\/\/www.hapy-com.fr\/echoppe\/wp-json\/wp\/v2\/types\/product"}],"wp:featuredmedia":[{"embeddable":true,"href":"https:\/\/www.hapy-com.fr\/echoppe\/wp-json\/wp\/v2\/media\/16406"}],"wp:attachment":[{"href":"https:\/\/www.hapy-com.fr\/echoppe\/wp-json\/wp\/v2\/media?parent=16407"}],"wp:term":[{"taxonomy":"product_cat","embeddable":true,"href":"https:\/\/www.hapy-com.fr\/echoppe\/wp-json\/wp\/v2\/product_cat?post=16407"},{"taxonomy":"product_tag","embeddable":true,"href":"https:\/\/www.hapy-com.fr\/echoppe\/wp-json\/wp\/v2\/product_tag?post=16407"}],"curies":[{"name":"wp","href":"https:\/\/api.w.org\/{rel}","templated":true}]}}