{"id":16411,"date":"2022-06-24T12:38:58","date_gmt":"2022-06-24T10:38:58","guid":{"rendered":"http:\/\/www.hapy-com.fr\/echoppe\/product\/visiere-tiger-2\/"},"modified":"2022-07-05T21:26:49","modified_gmt":"2022-07-05T19:26:49","slug":"visiere-tiger-2","status":"publish","type":"product","link":"https:\/\/www.hapy-com.fr\/echoppe\/product\/visiere-tiger-2\/","title":{"rendered":"Visi\u00e8re Tiger"},"content":{"rendered":"<p>Visi\u00e8re en coton aux couleurs vives. Fermeture r\u00e9glable par velcro.<\/p>\n","protected":false},"excerpt":{"rendered":"<p>Visi\u00e8re en coton aux couleurs vives. Fermeture r\u00e9glable par velcro.<\/p>\n","protected":false},"featured_media":16410,"template":"","meta":[],"product_cat":[446,356],"product_tag":[],"class_list":{"0":"post-16411","1":"product","2":"type-product","3":"status-publish","4":"has-post-thumbnail","6":"product_cat-casquette-et-visiere-casquettes-et-chapeaux","7":"product_cat-casquettes-et-chapeaux","9":"first","10":"instock","11":"shipping-taxable","12":"purchasable","13":"product-type-simple"},"_links":{"self":[{"href":"https:\/\/www.hapy-com.fr\/echoppe\/wp-json\/wp\/v2\/product\/16411","targetHints":{"allow":["GET"]}}],"collection":[{"href":"https:\/\/www.hapy-com.fr\/echoppe\/wp-json\/wp\/v2\/product"}],"about":[{"href":"https:\/\/www.hapy-com.fr\/echoppe\/wp-json\/wp\/v2\/types\/product"}],"wp:featuredmedia":[{"embeddable":true,"href":"https:\/\/www.hapy-com.fr\/echoppe\/wp-json\/wp\/v2\/media\/16410"}],"wp:attachment":[{"href":"https:\/\/www.hapy-com.fr\/echoppe\/wp-json\/wp\/v2\/media?parent=16411"}],"wp:term":[{"taxonomy":"product_cat","embeddable":true,"href":"https:\/\/www.hapy-com.fr\/echoppe\/wp-json\/wp\/v2\/product_cat?post=16411"},{"taxonomy":"product_tag","embeddable":true,"href":"https:\/\/www.hapy-com.fr\/echoppe\/wp-json\/wp\/v2\/product_tag?post=16411"}],"curies":[{"name":"wp","href":"https:\/\/api.w.org\/{rel}","templated":true}]}}