{"id":16437,"date":"2022-06-24T12:39:16","date_gmt":"2022-06-24T10:39:16","guid":{"rendered":"http:\/\/www.hapy-com.fr\/echoppe\/product\/chapeau-timbu-2\/"},"modified":"2022-07-05T21:28:56","modified_gmt":"2022-07-05T19:28:56","slug":"chapeau-timbu-2","status":"publish","type":"product","link":"https:\/\/www.hapy-com.fr\/echoppe\/product\/chapeau-timbu-2\/","title":{"rendered":"Chapeau Timbu"},"content":{"rendered":"<p>Chapeau de haute qualit\u00e9 en mati\u00e8re synth\u00e9tique propos\u00e9 en coloris sobres. Ruban interieur confortable et assorti.<\/p>\n","protected":false},"excerpt":{"rendered":"<p>Chapeau de haute qualit\u00e9 en mati\u00e8re synth\u00e9tique propos\u00e9 en coloris sobres. Ruban interieur confortable et assorti.<\/p>\n","protected":false},"featured_media":16436,"template":"","meta":[],"product_cat":[356,445],"product_tag":[],"class_list":{"0":"post-16437","1":"product","2":"type-product","3":"status-publish","4":"has-post-thumbnail","6":"product_cat-casquettes-et-chapeaux","7":"product_cat-casquette-et-visiere","9":"first","10":"instock","11":"shipping-taxable","12":"purchasable","13":"product-type-simple"},"_links":{"self":[{"href":"https:\/\/www.hapy-com.fr\/echoppe\/wp-json\/wp\/v2\/product\/16437","targetHints":{"allow":["GET"]}}],"collection":[{"href":"https:\/\/www.hapy-com.fr\/echoppe\/wp-json\/wp\/v2\/product"}],"about":[{"href":"https:\/\/www.hapy-com.fr\/echoppe\/wp-json\/wp\/v2\/types\/product"}],"wp:featuredmedia":[{"embeddable":true,"href":"https:\/\/www.hapy-com.fr\/echoppe\/wp-json\/wp\/v2\/media\/16436"}],"wp:attachment":[{"href":"https:\/\/www.hapy-com.fr\/echoppe\/wp-json\/wp\/v2\/media?parent=16437"}],"wp:term":[{"taxonomy":"product_cat","embeddable":true,"href":"https:\/\/www.hapy-com.fr\/echoppe\/wp-json\/wp\/v2\/product_cat?post=16437"},{"taxonomy":"product_tag","embeddable":true,"href":"https:\/\/www.hapy-com.fr\/echoppe\/wp-json\/wp\/v2\/product_tag?post=16437"}],"curies":[{"name":"wp","href":"https:\/\/api.w.org\/{rel}","templated":true}]}}