{"id":16477,"date":"2022-06-24T12:39:48","date_gmt":"2022-06-24T10:39:48","guid":{"rendered":"http:\/\/www.hapy-com.fr\/echoppe\/product\/casquette-lorenz-2\/"},"modified":"2022-07-05T21:26:45","modified_gmt":"2022-07-05T19:26:45","slug":"casquette-lorenz-2","status":"publish","type":"product","link":"https:\/\/www.hapy-com.fr\/echoppe\/product\/casquette-lorenz-2\/","title":{"rendered":"Casquette Lorenz"},"content":{"rendered":"<p>Casquette \u00e0 5 panneaux avec visi\u00e8re plate matelass\u00e9e. M\u00e9lange de coton et polyester lourd et doux, avec fermeture r\u00e9glable par velcro. Gamme de couleurs vives.<\/p>\n","protected":false},"excerpt":{"rendered":"<p>Casquette \u00e0 5 panneaux avec visi\u00e8re plate matelass\u00e9e. M\u00e9lange de coton et polyester lourd et doux, avec fermeture r\u00e9glable par velcro. Gamme de couleurs vives.<\/p>\n","protected":false},"featured_media":16476,"template":"","meta":[],"product_cat":[446,356],"product_tag":[],"class_list":{"0":"post-16477","1":"product","2":"type-product","3":"status-publish","4":"has-post-thumbnail","6":"product_cat-casquette-et-visiere-casquettes-et-chapeaux","7":"product_cat-casquettes-et-chapeaux","9":"first","10":"instock","11":"shipping-taxable","12":"purchasable","13":"product-type-simple"},"_links":{"self":[{"href":"https:\/\/www.hapy-com.fr\/echoppe\/wp-json\/wp\/v2\/product\/16477","targetHints":{"allow":["GET"]}}],"collection":[{"href":"https:\/\/www.hapy-com.fr\/echoppe\/wp-json\/wp\/v2\/product"}],"about":[{"href":"https:\/\/www.hapy-com.fr\/echoppe\/wp-json\/wp\/v2\/types\/product"}],"wp:featuredmedia":[{"embeddable":true,"href":"https:\/\/www.hapy-com.fr\/echoppe\/wp-json\/wp\/v2\/media\/16476"}],"wp:attachment":[{"href":"https:\/\/www.hapy-com.fr\/echoppe\/wp-json\/wp\/v2\/media?parent=16477"}],"wp:term":[{"taxonomy":"product_cat","embeddable":true,"href":"https:\/\/www.hapy-com.fr\/echoppe\/wp-json\/wp\/v2\/product_cat?post=16477"},{"taxonomy":"product_tag","embeddable":true,"href":"https:\/\/www.hapy-com.fr\/echoppe\/wp-json\/wp\/v2\/product_tag?post=16477"}],"curies":[{"name":"wp","href":"https:\/\/api.w.org\/{rel}","templated":true}]}}