{"id":16495,"date":"2022-06-24T12:40:02","date_gmt":"2022-06-24T10:40:02","guid":{"rendered":"http:\/\/www.hapy-com.fr\/echoppe\/product\/chapeau-likos-6\/"},"modified":"2022-07-05T21:28:54","modified_gmt":"2022-07-05T19:28:54","slug":"chapeau-likos-6","status":"publish","type":"product","link":"https:\/\/www.hapy-com.fr\/echoppe\/product\/chapeau-likos-6\/","title":{"rendered":"Chapeau Likos"},"content":{"rendered":"<p>Chapeau en m\u00e9lange de coton et de polyester. Large gamme de couleurs vives. Avec ruban ext\u00e9rieur assorti et ruban int\u00e9rieur confortable.<\/p>\n","protected":false},"excerpt":{"rendered":"<p>Chapeau en m\u00e9lange de coton et de polyester. Large gamme de couleurs vives. Avec ruban ext\u00e9rieur assorti et ruban int\u00e9rieur confortable.<\/p>\n","protected":false},"featured_media":16494,"template":"","meta":[],"product_cat":[356,445],"product_tag":[],"class_list":{"0":"post-16495","1":"product","2":"type-product","3":"status-publish","4":"has-post-thumbnail","6":"product_cat-casquettes-et-chapeaux","7":"product_cat-casquette-et-visiere","9":"first","10":"instock","11":"shipping-taxable","12":"purchasable","13":"product-type-simple"},"_links":{"self":[{"href":"https:\/\/www.hapy-com.fr\/echoppe\/wp-json\/wp\/v2\/product\/16495","targetHints":{"allow":["GET"]}}],"collection":[{"href":"https:\/\/www.hapy-com.fr\/echoppe\/wp-json\/wp\/v2\/product"}],"about":[{"href":"https:\/\/www.hapy-com.fr\/echoppe\/wp-json\/wp\/v2\/types\/product"}],"wp:featuredmedia":[{"embeddable":true,"href":"https:\/\/www.hapy-com.fr\/echoppe\/wp-json\/wp\/v2\/media\/16494"}],"wp:attachment":[{"href":"https:\/\/www.hapy-com.fr\/echoppe\/wp-json\/wp\/v2\/media?parent=16495"}],"wp:term":[{"taxonomy":"product_cat","embeddable":true,"href":"https:\/\/www.hapy-com.fr\/echoppe\/wp-json\/wp\/v2\/product_cat?post=16495"},{"taxonomy":"product_tag","embeddable":true,"href":"https:\/\/www.hapy-com.fr\/echoppe\/wp-json\/wp\/v2\/product_tag?post=16495"}],"curies":[{"name":"wp","href":"https:\/\/api.w.org\/{rel}","templated":true}]}}