{"id":16511,"date":"2022-06-24T12:40:13","date_gmt":"2022-06-24T10:40:13","guid":{"rendered":"http:\/\/www.hapy-com.fr\/echoppe\/product\/bonnet-vacanz-3\/"},"modified":"2022-07-05T20:58:03","modified_gmt":"2022-07-05T18:58:03","slug":"bonnet-vacanz-3","status":"publish","type":"product","link":"https:\/\/www.hapy-com.fr\/echoppe\/product\/bonnet-vacanz-3\/","title":{"rendered":"Bonnet Vacanz"},"content":{"rendered":"<p>Bob en polyester r\u00e9sistant disponible en couleurs vives. Avec orifices de ventilation lat\u00e9raux renforc\u00e9s par des \u0153illets m\u00e9talliques et cordon avec accessoire de r\u00e9glage<\/p>\n","protected":false},"excerpt":{"rendered":"<p>Bob en polyester r\u00e9sistant disponible en couleurs vives. Avec orifices de ventilation lat\u00e9raux renforc\u00e9s par des \u0153illets m\u00e9talliques et cordon avec accessoire de r\u00e9glage<\/p>\n","protected":false},"featured_media":16507,"template":"","meta":[],"product_cat":[443,356],"product_tag":[],"class_list":{"0":"post-16511","1":"product","2":"type-product","3":"status-publish","4":"has-post-thumbnail","6":"product_cat-bonnet","7":"product_cat-casquettes-et-chapeaux","9":"first","10":"instock","11":"shipping-taxable","12":"purchasable","13":"product-type-simple"},"_links":{"self":[{"href":"https:\/\/www.hapy-com.fr\/echoppe\/wp-json\/wp\/v2\/product\/16511","targetHints":{"allow":["GET"]}}],"collection":[{"href":"https:\/\/www.hapy-com.fr\/echoppe\/wp-json\/wp\/v2\/product"}],"about":[{"href":"https:\/\/www.hapy-com.fr\/echoppe\/wp-json\/wp\/v2\/types\/product"}],"wp:featuredmedia":[{"embeddable":true,"href":"https:\/\/www.hapy-com.fr\/echoppe\/wp-json\/wp\/v2\/media\/16507"}],"wp:attachment":[{"href":"https:\/\/www.hapy-com.fr\/echoppe\/wp-json\/wp\/v2\/media?parent=16511"}],"wp:term":[{"taxonomy":"product_cat","embeddable":true,"href":"https:\/\/www.hapy-com.fr\/echoppe\/wp-json\/wp\/v2\/product_cat?post=16511"},{"taxonomy":"product_tag","embeddable":true,"href":"https:\/\/www.hapy-com.fr\/echoppe\/wp-json\/wp\/v2\/product_tag?post=16511"}],"curies":[{"name":"wp","href":"https:\/\/api.w.org\/{rel}","templated":true}]}}