{"id":16522,"date":"2022-06-24T12:40:22","date_gmt":"2022-06-24T10:40:22","guid":{"rendered":"http:\/\/www.hapy-com.fr\/echoppe\/product\/casquette-rubec-2\/"},"modified":"2022-07-05T21:25:21","modified_gmt":"2022-07-05T19:25:21","slug":"casquette-rubec-2","status":"publish","type":"product","link":"https:\/\/www.hapy-com.fr\/echoppe\/product\/casquette-rubec-2\/","title":{"rendered":"Casquette Rubec"},"content":{"rendered":"<p>Casquette \u00e0 6 panneaux en 100% coton peign\u00e9. Disponible dans une large gamme de couleurs vives, avec sandwich contrast\u00e9. Orifices d\u00b4a\u00e9ration brod\u00e9s et fermeture Velcro r\u00e9glable.<\/p>\n","protected":false},"excerpt":{"rendered":"<p>Casquette \u00e0 6 panneaux en 100% coton peign\u00e9. Disponible dans une large gamme de couleurs vives, avec sandwich contrast\u00e9. Orifices d\u00b4a\u00e9ration brod\u00e9s et fermeture Velcro r\u00e9glable.<\/p>\n","protected":false},"featured_media":16521,"template":"","meta":[],"product_cat":[446,356],"product_tag":[],"class_list":{"0":"post-16522","1":"product","2":"type-product","3":"status-publish","4":"has-post-thumbnail","6":"product_cat-casquette-et-visiere-casquettes-et-chapeaux","7":"product_cat-casquettes-et-chapeaux","9":"first","10":"instock","11":"shipping-taxable","12":"purchasable","13":"product-type-simple"},"_links":{"self":[{"href":"https:\/\/www.hapy-com.fr\/echoppe\/wp-json\/wp\/v2\/product\/16522","targetHints":{"allow":["GET"]}}],"collection":[{"href":"https:\/\/www.hapy-com.fr\/echoppe\/wp-json\/wp\/v2\/product"}],"about":[{"href":"https:\/\/www.hapy-com.fr\/echoppe\/wp-json\/wp\/v2\/types\/product"}],"wp:featuredmedia":[{"embeddable":true,"href":"https:\/\/www.hapy-com.fr\/echoppe\/wp-json\/wp\/v2\/media\/16521"}],"wp:attachment":[{"href":"https:\/\/www.hapy-com.fr\/echoppe\/wp-json\/wp\/v2\/media?parent=16522"}],"wp:term":[{"taxonomy":"product_cat","embeddable":true,"href":"https:\/\/www.hapy-com.fr\/echoppe\/wp-json\/wp\/v2\/product_cat?post=16522"},{"taxonomy":"product_tag","embeddable":true,"href":"https:\/\/www.hapy-com.fr\/echoppe\/wp-json\/wp\/v2\/product_tag?post=16522"}],"curies":[{"name":"wp","href":"https:\/\/api.w.org\/{rel}","templated":true}]}}