{"id":16569,"date":"2022-06-24T12:41:00","date_gmt":"2022-06-24T10:41:00","guid":{"rendered":"http:\/\/www.hapy-com.fr\/echoppe\/product\/foulard-tissu-kozma-2\/"},"modified":"2022-07-05T21:30:41","modified_gmt":"2022-07-05T19:30:41","slug":"foulard-tissu-kozma-2","status":"publish","type":"product","link":"https:\/\/www.hapy-com.fr\/echoppe\/product\/foulard-tissu-kozma-2\/","title":{"rendered":"Foulard Tissu Kozma"},"content":{"rendered":"<p>Bandana extra-large en polyester souple. Large gamme de couleurs \u00e9clatantes. Coutures renforc\u00e9es sur les c\u00f4t\u00e9s.<\/p>\n","protected":false},"excerpt":{"rendered":"<p>Bandana extra-large en polyester souple. Large gamme de couleurs \u00e9clatantes. Coutures renforc\u00e9es sur les c\u00f4t\u00e9s.<\/p>\n","protected":false},"featured_media":16568,"template":"","meta":[],"product_cat":[356,448],"product_tag":[],"class_list":{"0":"post-16569","1":"product","2":"type-product","3":"status-publish","4":"has-post-thumbnail","6":"product_cat-casquettes-et-chapeaux","7":"product_cat-foulard","9":"first","10":"instock","11":"shipping-taxable","12":"purchasable","13":"product-type-simple"},"_links":{"self":[{"href":"https:\/\/www.hapy-com.fr\/echoppe\/wp-json\/wp\/v2\/product\/16569","targetHints":{"allow":["GET"]}}],"collection":[{"href":"https:\/\/www.hapy-com.fr\/echoppe\/wp-json\/wp\/v2\/product"}],"about":[{"href":"https:\/\/www.hapy-com.fr\/echoppe\/wp-json\/wp\/v2\/types\/product"}],"wp:featuredmedia":[{"embeddable":true,"href":"https:\/\/www.hapy-com.fr\/echoppe\/wp-json\/wp\/v2\/media\/16568"}],"wp:attachment":[{"href":"https:\/\/www.hapy-com.fr\/echoppe\/wp-json\/wp\/v2\/media?parent=16569"}],"wp:term":[{"taxonomy":"product_cat","embeddable":true,"href":"https:\/\/www.hapy-com.fr\/echoppe\/wp-json\/wp\/v2\/product_cat?post=16569"},{"taxonomy":"product_tag","embeddable":true,"href":"https:\/\/www.hapy-com.fr\/echoppe\/wp-json\/wp\/v2\/product_tag?post=16569"}],"curies":[{"name":"wp","href":"https:\/\/api.w.org\/{rel}","templated":true}]}}