{"id":16600,"date":"2022-06-24T12:41:22","date_gmt":"2022-06-24T10:41:22","guid":{"rendered":"http:\/\/www.hapy-com.fr\/echoppe\/product\/casquette-bayon\/"},"modified":"2022-07-05T21:26:42","modified_gmt":"2022-07-05T19:26:42","slug":"casquette-bayon","status":"publish","type":"product","link":"https:\/\/www.hapy-com.fr\/echoppe\/product\/casquette-bayon\/","title":{"rendered":"Casquette Bayon"},"content":{"rendered":"<p>Casquette \u00e0 5 panneaux en 100% coton peign\u00e9. Gamme vari\u00e9e de couleurs lumineuses et visi\u00e8re matelass\u00e9e. Orifices de ventilation brod\u00e9s et fermeture r\u00e9glable par velcro.<\/p>\n","protected":false},"excerpt":{"rendered":"<p>Casquette \u00e0 5 panneaux en 100% coton peign\u00e9. Gamme vari\u00e9e de couleurs lumineuses et visi\u00e8re matelass\u00e9e. Orifices de ventilation brod\u00e9s et fermeture r\u00e9glable par velcro.<\/p>\n","protected":false},"featured_media":16598,"template":"","meta":[],"product_cat":[446,356],"product_tag":[],"class_list":{"0":"post-16600","1":"product","2":"type-product","3":"status-publish","4":"has-post-thumbnail","6":"product_cat-casquette-et-visiere-casquettes-et-chapeaux","7":"product_cat-casquettes-et-chapeaux","9":"first","10":"instock","11":"shipping-taxable","12":"purchasable","13":"product-type-simple"},"_links":{"self":[{"href":"https:\/\/www.hapy-com.fr\/echoppe\/wp-json\/wp\/v2\/product\/16600","targetHints":{"allow":["GET"]}}],"collection":[{"href":"https:\/\/www.hapy-com.fr\/echoppe\/wp-json\/wp\/v2\/product"}],"about":[{"href":"https:\/\/www.hapy-com.fr\/echoppe\/wp-json\/wp\/v2\/types\/product"}],"wp:featuredmedia":[{"embeddable":true,"href":"https:\/\/www.hapy-com.fr\/echoppe\/wp-json\/wp\/v2\/media\/16598"}],"wp:attachment":[{"href":"https:\/\/www.hapy-com.fr\/echoppe\/wp-json\/wp\/v2\/media?parent=16600"}],"wp:term":[{"taxonomy":"product_cat","embeddable":true,"href":"https:\/\/www.hapy-com.fr\/echoppe\/wp-json\/wp\/v2\/product_cat?post=16600"},{"taxonomy":"product_tag","embeddable":true,"href":"https:\/\/www.hapy-com.fr\/echoppe\/wp-json\/wp\/v2\/product_tag?post=16600"}],"curies":[{"name":"wp","href":"https:\/\/api.w.org\/{rel}","templated":true}]}}