{"id":16633,"date":"2022-06-24T12:41:49","date_gmt":"2022-06-24T10:41:49","guid":{"rendered":"http:\/\/www.hapy-com.fr\/echoppe\/product\/casquette-rittel-9\/"},"modified":"2022-07-05T21:26:46","modified_gmt":"2022-07-05T19:26:46","slug":"casquette-rittel-9","status":"publish","type":"product","link":"https:\/\/www.hapy-com.fr\/echoppe\/product\/casquette-rittel-9\/","title":{"rendered":"Casquette Rittel"},"content":{"rendered":"<p>Casquette \u00e0 6 panneaux en 100% coton peign\u00e9. Gamme vari\u00e9e de couleurs lumineuses et visi\u00e8re matelass\u00e9e. Orifices de ventilation brod\u00e9s et fermeture r\u00e9glable par velcro.<\/p>\n","protected":false},"excerpt":{"rendered":"<p>Casquette \u00e0 6 panneaux en 100% coton peign\u00e9. Gamme vari\u00e9e de couleurs lumineuses et visi\u00e8re matelass\u00e9e. Orifices de ventilation brod\u00e9s et fermeture r\u00e9glable par velcro.<\/p>\n","protected":false},"featured_media":16632,"template":"","meta":[],"product_cat":[446,356],"product_tag":[],"class_list":{"0":"post-16633","1":"product","2":"type-product","3":"status-publish","4":"has-post-thumbnail","6":"product_cat-casquette-et-visiere-casquettes-et-chapeaux","7":"product_cat-casquettes-et-chapeaux","9":"first","10":"instock","11":"shipping-taxable","12":"purchasable","13":"product-type-simple"},"_links":{"self":[{"href":"https:\/\/www.hapy-com.fr\/echoppe\/wp-json\/wp\/v2\/product\/16633","targetHints":{"allow":["GET"]}}],"collection":[{"href":"https:\/\/www.hapy-com.fr\/echoppe\/wp-json\/wp\/v2\/product"}],"about":[{"href":"https:\/\/www.hapy-com.fr\/echoppe\/wp-json\/wp\/v2\/types\/product"}],"wp:featuredmedia":[{"embeddable":true,"href":"https:\/\/www.hapy-com.fr\/echoppe\/wp-json\/wp\/v2\/media\/16632"}],"wp:attachment":[{"href":"https:\/\/www.hapy-com.fr\/echoppe\/wp-json\/wp\/v2\/media?parent=16633"}],"wp:term":[{"taxonomy":"product_cat","embeddable":true,"href":"https:\/\/www.hapy-com.fr\/echoppe\/wp-json\/wp\/v2\/product_cat?post=16633"},{"taxonomy":"product_tag","embeddable":true,"href":"https:\/\/www.hapy-com.fr\/echoppe\/wp-json\/wp\/v2\/product_tag?post=16633"}],"curies":[{"name":"wp","href":"https:\/\/api.w.org\/{rel}","templated":true}]}}