{"id":16640,"date":"2022-06-24T12:41:54","date_gmt":"2022-06-24T10:41:54","guid":{"rendered":"http:\/\/www.hapy-com.fr\/echoppe\/product\/set-duvel\/"},"modified":"2022-07-05T21:44:38","modified_gmt":"2022-07-05T19:44:38","slug":"set-duvel","status":"publish","type":"product","link":"https:\/\/www.hapy-com.fr\/echoppe\/product\/set-duvel\/","title":{"rendered":"Set Duvel"},"content":{"rendered":"<p>Set d\u00b4hiver aux couleurs vives dans une mati\u00e8re douce et chaude en m\u00e9lange de polyester et d\u00b4acrylique. Comprend une paire de gants et un bonnet \u00e0 revers assorti. Pr\u00e9sent\u00e9 dans un fourreau polyester assorti avec fermeture par cordon et accessoire de r\u00e9glage.<\/p>\n","protected":false},"excerpt":{"rendered":"<p>Set d\u00b4hiver aux couleurs vives dans une mati\u00e8re douce et chaude en m\u00e9lange de polyester et d\u00b4acrylique. Comprend une paire de gants et un bonnet \u00e0 revers assorti. Pr\u00e9sent\u00e9 dans&#8230;<\/p>\n","protected":false},"featured_media":16638,"template":"","meta":[],"product_cat":[356,458],"product_tag":[],"class_list":{"0":"post-16640","1":"product","2":"type-product","3":"status-publish","4":"has-post-thumbnail","6":"product_cat-casquettes-et-chapeaux","7":"product_cat-set","9":"first","10":"instock","11":"shipping-taxable","12":"purchasable","13":"product-type-simple"},"_links":{"self":[{"href":"https:\/\/www.hapy-com.fr\/echoppe\/wp-json\/wp\/v2\/product\/16640","targetHints":{"allow":["GET"]}}],"collection":[{"href":"https:\/\/www.hapy-com.fr\/echoppe\/wp-json\/wp\/v2\/product"}],"about":[{"href":"https:\/\/www.hapy-com.fr\/echoppe\/wp-json\/wp\/v2\/types\/product"}],"wp:featuredmedia":[{"embeddable":true,"href":"https:\/\/www.hapy-com.fr\/echoppe\/wp-json\/wp\/v2\/media\/16638"}],"wp:attachment":[{"href":"https:\/\/www.hapy-com.fr\/echoppe\/wp-json\/wp\/v2\/media?parent=16640"}],"wp:term":[{"taxonomy":"product_cat","embeddable":true,"href":"https:\/\/www.hapy-com.fr\/echoppe\/wp-json\/wp\/v2\/product_cat?post=16640"},{"taxonomy":"product_tag","embeddable":true,"href":"https:\/\/www.hapy-com.fr\/echoppe\/wp-json\/wp\/v2\/product_tag?post=16640"}],"curies":[{"name":"wp","href":"https:\/\/api.w.org\/{rel}","templated":true}]}}