{"id":16669,"date":"2022-06-24T12:42:17","date_gmt":"2022-06-24T10:42:17","guid":{"rendered":"http:\/\/www.hapy-com.fr\/echoppe\/product\/casquette-blazok-4\/"},"modified":"2022-07-05T21:25:08","modified_gmt":"2022-07-05T19:25:08","slug":"casquette-blazok-4","status":"publish","type":"product","link":"https:\/\/www.hapy-com.fr\/echoppe\/product\/casquette-blazok-4\/","title":{"rendered":"Casquette Blazok"},"content":{"rendered":"<p>Casquette \u00e0 6 panneaux en m\u00e9lange de microfibre et polyester doux  avec fermeture velcro ajustable. Trous d\u00b4a\u00e9ration brod\u00e9s. Gamme vari\u00e9e de couleurs vives.<\/p>\n","protected":false},"excerpt":{"rendered":"<p>Casquette \u00e0 6 panneaux en m\u00e9lange de microfibre et polyester doux avec fermeture velcro ajustable. Trous d\u00b4a\u00e9ration brod\u00e9s. Gamme vari\u00e9e de couleurs vives.<\/p>\n","protected":false},"featured_media":16668,"template":"","meta":[],"product_cat":[446,356],"product_tag":[],"class_list":{"0":"post-16669","1":"product","2":"type-product","3":"status-publish","4":"has-post-thumbnail","6":"product_cat-casquette-et-visiere-casquettes-et-chapeaux","7":"product_cat-casquettes-et-chapeaux","9":"first","10":"instock","11":"shipping-taxable","12":"purchasable","13":"product-type-simple"},"_links":{"self":[{"href":"https:\/\/www.hapy-com.fr\/echoppe\/wp-json\/wp\/v2\/product\/16669","targetHints":{"allow":["GET"]}}],"collection":[{"href":"https:\/\/www.hapy-com.fr\/echoppe\/wp-json\/wp\/v2\/product"}],"about":[{"href":"https:\/\/www.hapy-com.fr\/echoppe\/wp-json\/wp\/v2\/types\/product"}],"wp:featuredmedia":[{"embeddable":true,"href":"https:\/\/www.hapy-com.fr\/echoppe\/wp-json\/wp\/v2\/media\/16668"}],"wp:attachment":[{"href":"https:\/\/www.hapy-com.fr\/echoppe\/wp-json\/wp\/v2\/media?parent=16669"}],"wp:term":[{"taxonomy":"product_cat","embeddable":true,"href":"https:\/\/www.hapy-com.fr\/echoppe\/wp-json\/wp\/v2\/product_cat?post=16669"},{"taxonomy":"product_tag","embeddable":true,"href":"https:\/\/www.hapy-com.fr\/echoppe\/wp-json\/wp\/v2\/product_tag?post=16669"}],"curies":[{"name":"wp","href":"https:\/\/api.w.org\/{rel}","templated":true}]}}