{"id":16697,"date":"2022-06-24T12:42:41","date_gmt":"2022-06-24T10:42:41","guid":{"rendered":"http:\/\/www.hapy-com.fr\/echoppe\/product\/casquette-karif-9\/"},"modified":"2022-07-05T21:25:15","modified_gmt":"2022-07-05T19:25:15","slug":"casquette-karif-9","status":"publish","type":"product","link":"https:\/\/www.hapy-com.fr\/echoppe\/product\/casquette-karif-9\/","title":{"rendered":"Casquette Karif"},"content":{"rendered":"<p>Casquette \u00e0 5 panneaux en microfibre douce propos\u00e9e danc une gamme de coloris lumineux. Fermeture r\u00e9glable par boutons.<\/p>\n","protected":false},"excerpt":{"rendered":"<p>Casquette \u00e0 5 panneaux en microfibre douce propos\u00e9e danc une gamme de coloris lumineux. Fermeture r\u00e9glable par boutons.<\/p>\n","protected":false},"featured_media":16696,"template":"","meta":[],"product_cat":[446,356],"product_tag":[],"class_list":{"0":"post-16697","1":"product","2":"type-product","3":"status-publish","4":"has-post-thumbnail","6":"product_cat-casquette-et-visiere-casquettes-et-chapeaux","7":"product_cat-casquettes-et-chapeaux","9":"first","10":"instock","11":"shipping-taxable","12":"purchasable","13":"product-type-simple"},"_links":{"self":[{"href":"https:\/\/www.hapy-com.fr\/echoppe\/wp-json\/wp\/v2\/product\/16697","targetHints":{"allow":["GET"]}}],"collection":[{"href":"https:\/\/www.hapy-com.fr\/echoppe\/wp-json\/wp\/v2\/product"}],"about":[{"href":"https:\/\/www.hapy-com.fr\/echoppe\/wp-json\/wp\/v2\/types\/product"}],"wp:featuredmedia":[{"embeddable":true,"href":"https:\/\/www.hapy-com.fr\/echoppe\/wp-json\/wp\/v2\/media\/16696"}],"wp:attachment":[{"href":"https:\/\/www.hapy-com.fr\/echoppe\/wp-json\/wp\/v2\/media?parent=16697"}],"wp:term":[{"taxonomy":"product_cat","embeddable":true,"href":"https:\/\/www.hapy-com.fr\/echoppe\/wp-json\/wp\/v2\/product_cat?post=16697"},{"taxonomy":"product_tag","embeddable":true,"href":"https:\/\/www.hapy-com.fr\/echoppe\/wp-json\/wp\/v2\/product_tag?post=16697"}],"curies":[{"name":"wp","href":"https:\/\/api.w.org\/{rel}","templated":true}]}}