{"id":16800,"date":"2022-06-24T12:43:56","date_gmt":"2022-06-24T10:43:56","guid":{"rendered":"http:\/\/www.hapy-com.fr\/echoppe\/product\/ruban-chapeau-menas\/"},"modified":"2022-07-05T21:42:54","modified_gmt":"2022-07-05T19:42:54","slug":"ruban-chapeau-menas","status":"publish","type":"product","link":"https:\/\/www.hapy-com.fr\/echoppe\/product\/ruban-chapeau-menas\/","title":{"rendered":"Ruban Chapeau Menas"},"content":{"rendered":"<p>Rubans en intiss\u00e9 pour chapeau. Livr\u00e9s en planche de 10 rubans pr\u00e9d\u00e9coup\u00e9s. Livr\u00e9 d\u00e9pli\u00e9e pour faciliter le marquage. Plusieurs coloris disponibles.<\/p>\n","protected":false},"excerpt":{"rendered":"<p>Rubans en intiss\u00e9 pour chapeau. Livr\u00e9s en planche de 10 rubans pr\u00e9d\u00e9coup\u00e9s. Livr\u00e9 d\u00e9pli\u00e9e pour faciliter le marquage. Plusieurs coloris disponibles.<\/p>\n","protected":false},"featured_media":16798,"template":"","meta":[],"product_cat":[356,456],"product_tag":[],"class_list":{"0":"post-16800","1":"product","2":"type-product","3":"status-publish","4":"has-post-thumbnail","6":"product_cat-casquettes-et-chapeaux","7":"product_cat-ruban","9":"first","10":"instock","11":"shipping-taxable","12":"purchasable","13":"product-type-simple"},"_links":{"self":[{"href":"https:\/\/www.hapy-com.fr\/echoppe\/wp-json\/wp\/v2\/product\/16800","targetHints":{"allow":["GET"]}}],"collection":[{"href":"https:\/\/www.hapy-com.fr\/echoppe\/wp-json\/wp\/v2\/product"}],"about":[{"href":"https:\/\/www.hapy-com.fr\/echoppe\/wp-json\/wp\/v2\/types\/product"}],"wp:featuredmedia":[{"embeddable":true,"href":"https:\/\/www.hapy-com.fr\/echoppe\/wp-json\/wp\/v2\/media\/16798"}],"wp:attachment":[{"href":"https:\/\/www.hapy-com.fr\/echoppe\/wp-json\/wp\/v2\/media?parent=16800"}],"wp:term":[{"taxonomy":"product_cat","embeddable":true,"href":"https:\/\/www.hapy-com.fr\/echoppe\/wp-json\/wp\/v2\/product_cat?post=16800"},{"taxonomy":"product_tag","embeddable":true,"href":"https:\/\/www.hapy-com.fr\/echoppe\/wp-json\/wp\/v2\/product_tag?post=16800"}],"curies":[{"name":"wp","href":"https:\/\/api.w.org\/{rel}","templated":true}]}}